{"id":13,"date":"2011-09-26T09:00:31","date_gmt":"2011-09-26T10:00:31","guid":{"rendered":"http:\/\/casariego-guerra.com\/blog\/?page_id=13"},"modified":"2015-08-05T07:59:17","modified_gmt":"2015-08-05T08:59:17","slug":"05_prensa","status":"publish","type":"page","link":"https:\/\/casariego-guerra.com\/?page_id=13","title":{"rendered":"[ARQUITECTURA ANCA]"},"content":{"rendered":"<p><a href=\"http:\/\/arquitectura-anca.com\/\"><img loading=\"lazy\" class=\"alignnone wp-image-4992\" src=\"http:\/\/casariego-guerra.com\/wp-content\/uploads\/2011\/09\/Logo-cuadrado-amarillo-e1434109631880.jpg\" alt=\"Logo cuadrado amarillo\" width=\"286\" height=\"289\" \/><\/a><\/p>\n<p><span style=\"color: #000000;\"><a href=\"http:\/\/arquitectura-anca.com\/\">ARQUITECTURA ANCA<\/a> <\/span> <span style=\"color: #000000;\">es un estudio de arquitectura y urbanismo situado en\u00a0Las Palmas de Gran Canaria y fundando en 2014 por los socios <strong>Joaqu\u00edn Casariego Ram\u00edrez<\/strong>, <strong>Elsa Guerra Jim\u00e9nez<\/strong> y <strong>Noem\u00ed Tejera Mujica<\/strong>.<\/span><\/p>\n","protected":false},"excerpt":{"rendered":"<p>ARQUITECTURA ANCA es un estudio de arquitectura y urbanismo situado en\u00a0Las Palmas de Gran Canaria y fundando en 2014 por los socios Joaqu\u00edn Casariego Ram\u00edrez, Elsa Guerra Jim\u00e9nez y Noem\u00ed Tejera Mujica.<\/p>\n","protected":false},"author":2,"featured_media":0,"parent":0,"menu_order":0,"comment_status":"closed","ping_status":"closed","template":"","meta":[],"_links":{"self":[{"href":"https:\/\/casariego-guerra.com\/index.php?rest_route=\/wp\/v2\/pages\/13"}],"collection":[{"href":"https:\/\/casariego-guerra.com\/index.php?rest_route=\/wp\/v2\/pages"}],"about":[{"href":"https:\/\/casariego-guerra.com\/index.php?rest_route=\/wp\/v2\/types\/page"}],"author":[{"embeddable":true,"href":"https:\/\/casariego-guerra.com\/index.php?rest_route=\/wp\/v2\/users\/2"}],"replies":[{"embeddable":true,"href":"https:\/\/casariego-guerra.com\/index.php?rest_route=%2Fwp%2Fv2%2Fcomments&post=13"}],"version-history":[{"count":43,"href":"https:\/\/casariego-guerra.com\/index.php?rest_route=\/wp\/v2\/pages\/13\/revisions"}],"predecessor-version":[{"id":708,"href":"https:\/\/casariego-guerra.com\/index.php?rest_route=\/wp\/v2\/pages\/13\/revisions\/708"}],"wp:attachment":[{"href":"https:\/\/casariego-guerra.com\/index.php?rest_route=%2Fwp%2Fv2%2Fmedia&parent=13"}],"curies":[{"name":"wp","href":"https:\/\/api.w.org\/{rel}","templated":true}]}}