{"id":2295,"date":"2011-11-07T16:14:15","date_gmt":"2011-11-07T17:14:15","guid":{"rendered":"http:\/\/casariego-guerra.com\/blog\/?page_id=2295"},"modified":"2012-04-12T10:13:54","modified_gmt":"2012-04-12T11:13:54","slug":"listado-publicaciones","status":"publish","type":"page","link":"https:\/\/casariego-guerra.com\/?page_id=2295","title":{"rendered":"[Listado Publicaciones]"},"content":{"rendered":"<h3><span style=\"color: #000000;\">[PUBLICACIONES. Referencias a la Obra en Publicaciones Especializadas]<\/span><\/h3>\n<h6><span style=\"color: #000000;\">2012 Rehabilitaci\u00f3n del antiguo Hospital San Mart\u00edn como Centro de Cultura Contempor\u00e1nea, Las Palmas de Gran Canaria. Revista V\u00eda CONSTRUCCI\u00d3N N\u00ba 100.<\/span><\/h6>\n<h6><span style=\"color: #000000;\">2012 Rehabilitaci\u00f3n del antiguo Hospital San Mart\u00edn como Centro de Cultura Contempor\u00e1nea, Las Palmas de Gran Canaria. Revista Online Plataforma Arquitectura\u00a0<a href=\"http:\/\/www.plataformaarquitectura.cl\/2012\/02\/07\/centro-de-cultura-contemporanea-san-martin-casariego-guerra-arquitectos\/\"><span style=\"color: #000000;\">http:\/\/www.plataformaarquitectura.cl\/2012\/02\/07\/centro-de-cultura-contemporanea-san-martin-casariego-guerra-arquitectos\/<\/span><\/a><\/span><\/h6>\n<h6><span style=\"color: #000000;\">2010 Propuesta para el Concurso \u201cParque Urbano en el antiguo Estadio Insular\u201d, Las Palmas de Gran Canaria, 1\u00ba Premio. Revista Future N\u00ba 25.<\/span><\/h6>\n<h6><span style=\"color: #000000;\">2009 Propuesta para el Concurso \u201cCrescent Park, Central Plaza and Saigon River Pedestrian Bridge\u201d, Ho Chi Minh City, Vietnam. Finalistas. Revista Future N\u00ba 18.<\/span><\/h6>\n<h6><span style=\"color: #000000;\">2008 Conjunto Woermann en Las Palmas de Gran Canaria. Revista BASA N\u00ba 30-31.<\/span><\/h6>\n<h6><span style=\"color: #000000;\">2007 Propuesta para el Concurso de Ordenaci\u00f3n del Frente y Playa de Valleseco, Santa Cruz de Tenerife, 1\u00ba Premio. Revista Future N\u00ba 6.<\/span><\/h6>\n<h6><span style=\"color: #000000;\">2007 Intervenci\u00f3n en el Paseo al Castillo de San Jos\u00e9, en Arrecife de Lanzarote. \u201cArrecife 29\u00ba: Microarquitecturas para la ciudad\u201d, Gobierno de Canarias, Consejer\u00eda de Turismo. (Dep\u00f3sito Legal: G.C.474-2007)<\/span><\/h6>\n<h6><span style=\"color: #000000;\">2007 Intervenci\u00f3n en el Paseo al Castillo de San Jos\u00e9 en Arrecife de Lanzarote. Primera Bienal de Arquitectura, Arte y Paisaje en Canarias. Gobierno de Canarias \/ Ministerio de Cultura. ISBN: 978-84-7947-433-1.<\/span><\/h6>\n<h6><span style=\"color: #000000;\">2006 Conjunto Woermann en Las Palmas de Gran Canaria. ON SITE: NEW ARCHITECTURE IN SPAIN, Exposici\u00f3n &#8211; MOMA, New York. Comisario: Terence Riley ISBN: 0-87070-499-0<\/span><\/h6>\n<h6><span style=\"color: #000000;\">2006 Conjunto Woermann en Las Palmas de Gran Canaria. ON SITE: ARQUITECTURA EN ESPA\u00d1A, HOY, Exposici\u00f3n en el Jard\u00edn Bot\u00e1nico de Madrid. ISBN-13: 978 -84-611-2621-9.<\/span><\/h6>\n<h6><span style=\"color: #000000;\">2006 Conjunto Woermann en Las Palmas de Gran Canaria. Revista BASA N\u00ba 29. Hotel Don Juan y Edificio Woermann. Autor: Ricardo Devesa.<\/span><\/h6>\n<h6><span style=\"color: #000000;\">2005 Proyecto para la Rehabilitaci\u00f3n del \u00c1rea Tur\u00edstica de San Agust\u00edn, en Gran Canaria. INTERREG III: PROYECTOS. Gesenp-Mac, Gesturis, Olitora y Paisagem. Consejer\u00eda de Medio Ambiente y Ordenaci\u00f3n Territorial del Gobierno de Canarias. D.L.\/G.C.: 853\/2005.<\/span><\/h6>\n<h6><span style=\"color: #000000;\">2002 Plan Especial de Protecci\u00f3n y Reforma Interior del Centro de Arucas; Plan Especial de Protecci\u00f3n y Reforma Interior de Santa Mar\u00eda de Gu\u00eda; Plan Especial de Protecci\u00f3n y Reforma Interior de Vegueta-Triana, Las Palmas de Gran Canaria.<\/span><\/h6>\n<h6><span style=\"color: #000000;\">1996 Plan General de Ordenaci\u00f3n del Municipio de San Crist\u00f3bal de La Laguna. Revista URBANISMO COAM N\u00ba 27. La Laguna: Planeamientos territorial y ciudadano. Autor: Joaqu\u00edn Casariego.<\/span><\/h6>\n<h6><span style=\"color: #000000;\">1995 Las Palmas de Gran Canaria, Plan de Barrios: 10 A\u00f1os de Gesti\u00f3n Urbana. Gobierno de Canarias \/ Ayuntamiento de Las Palmas de Gran Canaria \/ GESPLAN. D.L.\/M.: 23192-1995.<\/span><\/h6>\n<h6><span style=\"color: #000000;\">1993 Propuesta para el Concurso de Ordenaci\u00f3n del Centro de Eindhoven, 2\u00ba Premio. Revista URBANISMO COAM N\u00ba 18. La ciudad como estructura y como espect\u00e1culo: una discusi\u00f3n metodol\u00f3gica sobre la proyectaci\u00f3n del centro de Eindhoven. Autor: Joaqu\u00edn Casariego.<\/span><\/h6>\n<h6><span style=\"color: #000000;\">1987 Plan Especial de Reforma Interior de ARUCAS. Autor: Joaqu\u00edn Casariego. Cabildo Insular de Gran Canaria \/ Ayuntamiento de Arucas. D.L.-G.C.: 430\/1987.<\/span><\/h6>\n<h6><span style=\"color: #000000;\">1983 Propuesta para el Concurso para la Ordenaci\u00f3n del Campus de la Universidad de La Laguna, 1\u00ba Premio. Revista \u201cPanor\u00e1mica de la Construcci\u00f3n, Arquitectura y Dise\u00f1o\u201d N\u00ba 50.<\/span><\/h6>\n<h6><span style=\"color: #000000;\">1982 Concurso de Ideas para la Ordenaci\u00f3n y Rehabilitaci\u00f3n del Campus Universitario de La Laguna. Revista ARQUITECTURA COAM<\/span><\/h6>\n","protected":false},"excerpt":{"rendered":"<p>[PUBLICACIONES. Referencias a la Obra en Publicaciones Especializadas] 2012 Rehabilitaci\u00f3n del antiguo Hospital San Mart\u00edn como Centro de Cultura Contempor\u00e1nea, Las Palmas de Gran Canaria. Revista V\u00eda CONSTRUCCI\u00d3N N\u00ba 100. 2012 Rehabilitaci\u00f3n del antiguo Hospital San Mart\u00edn como Centro de Cultura Contempor\u00e1nea, Las Palmas de Gran Canaria. Revista Online Plataforma Arquitectura\u00a0http:\/\/www.plataformaarquitectura.cl\/2012\/02\/07\/centro-de-cultura-contemporanea-san-martin-casariego-guerra-arquitectos\/ 2010 Propuesta para el [&hellip;]<\/p>\n","protected":false},"author":2,"featured_media":0,"parent":0,"menu_order":0,"comment_status":"closed","ping_status":"open","template":"","meta":[],"_links":{"self":[{"href":"https:\/\/casariego-guerra.com\/index.php?rest_route=\/wp\/v2\/pages\/2295"}],"collection":[{"href":"https:\/\/casariego-guerra.com\/index.php?rest_route=\/wp\/v2\/pages"}],"about":[{"href":"https:\/\/casariego-guerra.com\/index.php?rest_route=\/wp\/v2\/types\/page"}],"author":[{"embeddable":true,"href":"https:\/\/casariego-guerra.com\/index.php?rest_route=\/wp\/v2\/users\/2"}],"replies":[{"embeddable":true,"href":"https:\/\/casariego-guerra.com\/index.php?rest_route=%2Fwp%2Fv2%2Fcomments&post=2295"}],"version-history":[{"count":7,"href":"https:\/\/casariego-guerra.com\/index.php?rest_route=\/wp\/v2\/pages\/2295\/revisions"}],"predecessor-version":[{"id":3346,"href":"https:\/\/casariego-guerra.com\/index.php?rest_route=\/wp\/v2\/pages\/2295\/revisions\/3346"}],"wp:attachment":[{"href":"https:\/\/casariego-guerra.com\/index.php?rest_route=%2Fwp%2Fv2%2Fmedia&parent=2295"}],"curies":[{"name":"wp","href":"https:\/\/api.w.org\/{rel}","templated":true}]}}