{"id":3312,"date":"2012-04-12T09:55:46","date_gmt":"2012-04-12T10:55:46","guid":{"rendered":"http:\/\/casariego-guerra.com\/?page_id=3312"},"modified":"2012-11-14T08:59:54","modified_gmt":"2012-11-14T09:59:54","slug":"concurso-intercambiadores-de-tenerife-2011","status":"publish","type":"page","link":"https:\/\/casariego-guerra.com\/?page_id=3312","title":{"rendered":"[Intercambiadores de Tenerife] [2010]"},"content":{"rendered":"<p><a href=\"http:\/\/casariego-guerra.com\/?attachment_id=3551\" rel=\"attachment wp-att-3551\"><img loading=\"lazy\" class=\"alignleft size-full wp-image-3551\" title=\"cc\" src=\"http:\/\/casariego-guerra.com\/wp-content\/uploads\/2012\/04\/cc.jpg\" alt=\"\" width=\"950\" height=\"513\" srcset=\"https:\/\/casariego-guerra.com\/wp-content\/uploads\/2012\/04\/cc.jpg 950w, https:\/\/casariego-guerra.com\/wp-content\/uploads\/2012\/04\/cc-560x302.jpg 560w\" sizes=\"(max-width: 950px) 100vw, 950px\" \/><\/a><\/p>\n<p><span style=\"color: #808080;\">[secci\u00f3n transversal, modelado del Intercambiador de Santa Cruz de Tenerife]<\/span><\/p>\n<h3><\/h3>\n<h3><span style=\"color: #000000;\">[CONCURSO DE DISE\u00d1O URBANO DEL INTERCAMBIADOR DE SANTA CRUZ DE TENERIFE] [2010]<\/span><\/h3>\n<h3><\/h3>\n<p>&nbsp;<\/p>\n<p><a href=\"http:\/\/casariego-guerra.com\/?attachment_id=3575\" rel=\"attachment wp-att-3575\"><img loading=\"lazy\" class=\"alignleft size-full wp-image-3575\" title=\"modelado y despiece 3d\" src=\"http:\/\/casariego-guerra.com\/wp-content\/uploads\/2012\/04\/modelado-y-despiece-3d.jpg\" alt=\"\" width=\"950\" height=\"356\" srcset=\"https:\/\/casariego-guerra.com\/wp-content\/uploads\/2012\/04\/modelado-y-despiece-3d.jpg 950w, https:\/\/casariego-guerra.com\/wp-content\/uploads\/2012\/04\/modelado-y-despiece-3d-560x209.jpg 560w\" sizes=\"(max-width: 950px) 100vw, 950px\" \/><\/a><\/p>\n<p><span style=\"color: #808080;\">\u00a0[modelado,despiece 3D del Intercambiador de Santa Cruz de Tenerife]<\/span><\/p>\n<p><a href=\"http:\/\/casariego-guerra.com\/?attachment_id=3580\" rel=\"attachment wp-att-3580\"><img loading=\"lazy\" class=\"alignleft size-full wp-image-3580\" title=\"3a.Plantas y secci\u00f3n long\" src=\"http:\/\/casariego-guerra.com\/wp-content\/uploads\/2012\/04\/3a.Plantas-y-secci\u00f3n-long.jpg\" alt=\"\" width=\"950\" height=\"600\" srcset=\"https:\/\/casariego-guerra.com\/wp-content\/uploads\/2012\/04\/3a.Plantas-y-secci\u00f3n-long.jpg 950w, https:\/\/casariego-guerra.com\/wp-content\/uploads\/2012\/04\/3a.Plantas-y-secci\u00f3n-long-560x353.jpg 560w\" sizes=\"(max-width: 950px) 100vw, 950px\" \/><\/a><\/p>\n<p><span style=\"color: #808080;\">\u00a0[planta vest\u00edbulo, planta andenes, secci\u00f3n longitudinal del Intercambiador de Santa Cruz de Tenerife]<\/span><\/p>\n<p>&nbsp;<\/p>\n<h3><span style=\"color: #000000;\">[CONCURSO DE DISE\u00d1O URBANO DEL INTERCAMBIADOR DE LOS CRISTIANOS, TENERIFE] [2010]<\/span><\/h3>\n<p><a href=\"http:\/\/casariego-guerra.com\/?attachment_id=3366\" rel=\"attachment wp-att-3366\"><img loading=\"lazy\" title=\"Perspectiva y esquema\" src=\"http:\/\/casariego-guerra.com\/wp-content\/uploads\/2012\/04\/5.Perspectiva-y-esquema.jpg\" alt=\"\" width=\"950\" height=\"369\" \/><\/a><span style=\"color: #808080;\">[modelado, despiece 3D\u00a0 del Intercambiador de Los Cristianos, Tenerife]<\/span><\/p>\n<p>&nbsp;<\/p>\n<p><a href=\"http:\/\/casariego-guerra.com\/?attachment_id=3354\" rel=\"attachment wp-att-3354\"><img loading=\"lazy\" title=\"Planta a\u00e9rea y perspectiva\" src=\"http:\/\/casariego-guerra.com\/wp-content\/uploads\/2012\/04\/1.Planta-a\u00e9rea-y-perspectiva1.jpg\" alt=\"\" width=\"950\" height=\"305\" \/><\/a><span style=\"color: #808080;\">[planta general, modelado del Intercambiador de Los Cristianos, Tenerife]<\/span><\/p>\n<p>&nbsp;<\/p>\n<p><a href=\"http:\/\/casariego-guerra.com\/?attachment_id=3359\" rel=\"attachment wp-att-3359\"><img loading=\"lazy\" class=\"alignnone size-full wp-image-3359\" title=\"Plantas\" src=\"http:\/\/casariego-guerra.com\/wp-content\/uploads\/2012\/04\/2.Plantas.jpg\" alt=\"\" width=\"950\" height=\"600\" srcset=\"https:\/\/casariego-guerra.com\/wp-content\/uploads\/2012\/04\/2.Plantas.jpg 950w, https:\/\/casariego-guerra.com\/wp-content\/uploads\/2012\/04\/2.Plantas-560x353.jpg 560w\" sizes=\"(max-width: 950px) 100vw, 950px\" \/><\/a><span style=\"color: #808080;\">[planta vest\u00edbulo, planta andenes del Intercambiador de Los Cristianos, Tenerife]<\/span><\/p>\n<p><a href=\"http:\/\/casariego-guerra.com\/?attachment_id=3362\" rel=\"attachment wp-att-3362\"><img loading=\"lazy\" class=\"alignnone size-full wp-image-3362\" title=\"Secciones\" src=\"http:\/\/casariego-guerra.com\/wp-content\/uploads\/2012\/04\/3.Secciones.jpg\" alt=\"\" width=\"950\" height=\"389\" srcset=\"https:\/\/casariego-guerra.com\/wp-content\/uploads\/2012\/04\/3.Secciones.jpg 950w, https:\/\/casariego-guerra.com\/wp-content\/uploads\/2012\/04\/3.Secciones-560x229.jpg 560w\" sizes=\"(max-width: 950px) 100vw, 950px\" \/><\/a><span style=\"color: #808080;\">[secciones longitudinales\u00a0 del Intercambiador de Los Cristianos, Tenerife]<\/span><\/p>\n<p><a href=\"http:\/\/casariego-guerra.com\/?attachment_id=3363\" rel=\"attachment wp-att-3363\"><img loading=\"lazy\" class=\"alignnone size-full wp-image-3363\" title=\"Secci\u00f3n transv y esquema\" src=\"http:\/\/casariego-guerra.com\/wp-content\/uploads\/2012\/04\/4.Secci\u00f3n-transv-y-esquema.jpg\" alt=\"\" width=\"950\" height=\"303\" srcset=\"https:\/\/casariego-guerra.com\/wp-content\/uploads\/2012\/04\/4.Secci\u00f3n-transv-y-esquema.jpg 950w, https:\/\/casariego-guerra.com\/wp-content\/uploads\/2012\/04\/4.Secci\u00f3n-transv-y-esquema-560x178.jpg 560w\" sizes=\"(max-width: 950px) 100vw, 950px\" \/><\/a><span style=\"color: #808080;\">[secciones transversal, despiece 3D\u00a0 del Intercambiador de Los Cristianos, Tenerife]<\/span><\/p>\n<p>&nbsp;<\/p>\n<h3><span style=\"color: #000000;\">[CONCURSO DE DISE\u00d1O URBANO DEL INTERCAMBIADOR DE A\u00d1AZA, TENERIFE] [2010]<\/span><\/h3>\n<p>&nbsp;<\/p>\n<p><a href=\"http:\/\/casariego-guerra.com\/?attachment_id=3379\" rel=\"attachment wp-att-3379\"><img loading=\"lazy\" title=\"Perspectiva y esquema\" src=\"http:\/\/casariego-guerra.com\/wp-content\/uploads\/2012\/04\/4.Perspectiva-y-esquema.jpg\" alt=\"\" width=\"950\" height=\"425\" \/><\/a><span style=\"color: #808080;\">[modelado, despiece 3D del Intercambiador de A\u00f1aza, Tenerife]<\/span><\/p>\n<p>&nbsp;<\/p>\n<p><a href=\"http:\/\/casariego-guerra.com\/?attachment_id=3369\" rel=\"attachment wp-att-3369\"><img loading=\"lazy\" class=\"alignnone size-full wp-image-3369\" title=\"Planta a\u00e9rea\" src=\"http:\/\/casariego-guerra.com\/wp-content\/uploads\/2012\/04\/1.Planta-a\u00e9rea.jpg\" alt=\"\" width=\"950\" height=\"327\" srcset=\"https:\/\/casariego-guerra.com\/wp-content\/uploads\/2012\/04\/1.Planta-a\u00e9rea.jpg 950w, https:\/\/casariego-guerra.com\/wp-content\/uploads\/2012\/04\/1.Planta-a\u00e9rea-560x192.jpg 560w\" sizes=\"(max-width: 950px) 100vw, 950px\" \/><\/a><span style=\"color: #808080;\">[planta general, modelado del Intercambiador de A\u00f1aza, Tenerife]<\/span><\/p>\n<p>&nbsp;<\/p>\n<p><a href=\"http:\/\/casariego-guerra.com\/?attachment_id=3372\" rel=\"attachment wp-att-3372\"><img loading=\"lazy\" class=\"alignnone size-full wp-image-3372\" title=\"Plantas sintesis\" src=\"http:\/\/casariego-guerra.com\/wp-content\/uploads\/2012\/04\/2.Plantas-sintesis.jpg\" alt=\"\" width=\"950\" height=\"600\" srcset=\"https:\/\/casariego-guerra.com\/wp-content\/uploads\/2012\/04\/2.Plantas-sintesis.jpg 950w, https:\/\/casariego-guerra.com\/wp-content\/uploads\/2012\/04\/2.Plantas-sintesis-560x353.jpg 560w\" sizes=\"(max-width: 950px) 100vw, 950px\" \/><\/a><span style=\"color: #808080;\">[planta vest\u00edbulo, planta andenes, planta aparcamientos, modelado del Intercambiador de A\u00f1aza, Tenerife]<\/span><\/p>\n<p><a href=\"http:\/\/casariego-guerra.com\/?attachment_id=3585\" rel=\"attachment wp-att-3585\"><img loading=\"lazy\" class=\"alignleft size-full wp-image-3585\" title=\"3a.Secci\u00f3n longitudinal y transversal\" src=\"http:\/\/casariego-guerra.com\/wp-content\/uploads\/2012\/04\/3a.Secci\u00f3n-longitudinal-y-transversal.jpg\" alt=\"\" width=\"950\" height=\"496\" srcset=\"https:\/\/casariego-guerra.com\/wp-content\/uploads\/2012\/04\/3a.Secci\u00f3n-longitudinal-y-transversal.jpg 950w, https:\/\/casariego-guerra.com\/wp-content\/uploads\/2012\/04\/3a.Secci\u00f3n-longitudinal-y-transversal-560x292.jpg 560w\" sizes=\"(max-width: 950px) 100vw, 950px\" \/><\/a><\/p>\n<h6><\/h6>\n<h6><\/h6>\n<h6><\/h6>\n<p><span style=\"color: #808080;\">[secci\u00f3n longitudinal, secci\u00f3n transversal del Intercambiador de A\u00f1aza, Tenerife]<\/span><\/p>\n<h6><span style=\"color: #000000;\">Equipo: CASARIEGO \/ GUERRA, arquitectos<\/span><\/h6>\n<h6><span style=\"color: #000000;\">Equipo Edificaci\u00f3n: Direcci\u00f3n: Joaqu\u00edn Casariego Ram\u00edrez, Arquitecto y Elsa Guerra Jim\u00e9nez, Arquitecta. Rub\u00e9n P\u00e9rez Bautista, Noem\u00ed Tejera Mujica, Marta Cuy\u00e1s Morales, arquitectos; Carmelo Garc\u00eda Rodr\u00edguez, Juan Manuel Rivero Su\u00e1rez y Den\u00e9bola Acosta Y\u00e1\u00f1ez, dibujo y administraci\u00f3n.<\/span><\/h6>\n<h6><span style=\"color: #000000;\">Con: Reveriego y Asociados, arquitectos, S.L.P.; I.G.S. Ingenieros Archipi\u00e9lago S.L.P.; Interra; Meco Arquitectos T\u00e9cnicos S.L.; Solitec S.L.V.; Viatrio Ingenieros S.L.<\/span><\/h6>\n<h6><span style=\"color: #000000;\">Promotor: Metropolitano de Tenerife S.A.\u00a0<\/span><\/h6>\n<p>&nbsp;<\/p>\n","protected":false},"excerpt":{"rendered":"<p>[secci\u00f3n transversal, modelado del Intercambiador de Santa Cruz de Tenerife] [CONCURSO DE DISE\u00d1O URBANO DEL INTERCAMBIADOR DE SANTA CRUZ DE TENERIFE] [2010] &nbsp; \u00a0[modelado,despiece 3D del Intercambiador de Santa Cruz de Tenerife] \u00a0[planta vest\u00edbulo, planta andenes, secci\u00f3n longitudinal del Intercambiador de Santa Cruz de Tenerife] &nbsp; [CONCURSO DE DISE\u00d1O URBANO DEL INTERCAMBIADOR DE LOS CRISTIANOS, [&hellip;]<\/p>\n","protected":false},"author":2,"featured_media":0,"parent":0,"menu_order":0,"comment_status":"closed","ping_status":"closed","template":"","meta":[],"_links":{"self":[{"href":"https:\/\/casariego-guerra.com\/index.php?rest_route=\/wp\/v2\/pages\/3312"}],"collection":[{"href":"https:\/\/casariego-guerra.com\/index.php?rest_route=\/wp\/v2\/pages"}],"about":[{"href":"https:\/\/casariego-guerra.com\/index.php?rest_route=\/wp\/v2\/types\/page"}],"author":[{"embeddable":true,"href":"https:\/\/casariego-guerra.com\/index.php?rest_route=\/wp\/v2\/users\/2"}],"replies":[{"embeddable":true,"href":"https:\/\/casariego-guerra.com\/index.php?rest_route=%2Fwp%2Fv2%2Fcomments&post=3312"}],"version-history":[{"count":111,"href":"https:\/\/casariego-guerra.com\/index.php?rest_route=\/wp\/v2\/pages\/3312\/revisions"}],"predecessor-version":[{"id":3326,"href":"https:\/\/casariego-guerra.com\/index.php?rest_route=\/wp\/v2\/pages\/3312\/revisions\/3326"}],"wp:attachment":[{"href":"https:\/\/casariego-guerra.com\/index.php?rest_route=%2Fwp%2Fv2%2Fmedia&parent=3312"}],"curies":[{"name":"wp","href":"https:\/\/api.w.org\/{rel}","templated":true}]}}