{"id":436,"date":"2011-10-06T15:02:55","date_gmt":"2011-10-06T16:02:55","guid":{"rendered":"http:\/\/casariego-guerra.com\/blog\/?page_id=436"},"modified":"2020-04-08T10:22:00","modified_gmt":"2020-04-08T11:22:00","slug":"cv","status":"publish","type":"page","link":"https:\/\/casariego-guerra.com\/?page_id=436","title":{"rendered":"[cv]"},"content":{"rendered":"<p><a href=\"http:\/\/casariego-guerra.com\/?attachment_id=1853\" rel=\"attachment wp-att-1853\"><img loading=\"lazy\" class=\"alignnone size-full wp-image-1853\" title=\"b\" src=\"http:\/\/casariego-guerra.com\/wp-content\/uploads\/2011\/11\/b1.jpg\" alt=\"\" width=\"950\" height=\"600\" srcset=\"https:\/\/casariego-guerra.com\/wp-content\/uploads\/2011\/11\/b1.jpg 950w, https:\/\/casariego-guerra.com\/wp-content\/uploads\/2011\/11\/b1-560x353.jpg 560w\" sizes=\"(max-width: 950px) 100vw, 950px\" \/><\/a><span style=\"color: #808080;\">[Fotograf\u00eda de Beth Yarnelle]<\/span><\/p>\n<p><span style=\"color: #333333;\">El Estudio <strong>CASARIEGO \/ GUERRA, arquitectos<\/strong> fue fundado por <strong>Joaqu\u00edn Casariego Ram\u00edrez <\/strong>y <strong>Elsa Guerra Jim\u00e9nez<\/strong> en 1984. Los temas de atenci\u00f3n, investigaci\u00f3n y trabajo profesional incluyen\u00a0 la arquitectura, el dise\u00f1o urbano y los trabajos de planeamiento. Esta combinaci\u00f3n de escalas, junto al inter\u00e9s paralelo en la investigaci\u00f3n disciplinar y el trabajo profesional, caracterizan la labor de este Estudio, lo que puede apreciarse en las diversas propuestas, aportaciones te\u00f3ricas y obras elaboradas en estos a\u00f1os. Estas condiciones han implicado una constante atenci\u00f3n a los concursos internacionales, en los que han participado continuamente. El Estudio ha sido premiado en varias ocasiones, como es el caso del Conjunto Woermann (seleccionado para la Exposici\u00f3n On Site, en el MOMA de Nueva York, 2006, y menci\u00f3n Premio Ora\u00e1), la Playa de Valleseco (Incluida en una de las Exposiciones de la Bienal de Venecia 2006) y el Parque Urbano en el antiguo Estadio Insular (Concurso convocado por el Cabildo de Gran Canaria 2009). <\/span><\/p>\n<p><span style=\"color: #333333;\">Editan la colecci\u00f3n de libros <em>Especiales de Urbanismo<\/em>, de los que se han publicado: <\/span><span style=\"color: #333333;\"><em>Waterfronts, de nuevo<\/em> (EU 1), <em>La Reconstrucci\u00f3n<\/em><em> de los Centros Urbanos<\/em> (EU 2), <em>Reinventando el destino<\/em> (EU 3) y Flowpolis (EU 4).<\/span><\/p>\n<p><span style=\"color: #ff9900;\"><span style=\"color: #ff9900;\"><a href=\"http:\/\/casariego-guerra.com\/?attachment_id=1852\" rel=\"attachment wp-att-1852\"><img loading=\"lazy\" class=\"alignnone size-full wp-image-1852\" title=\"c\" src=\"http:\/\/casariego-guerra.com\/wp-content\/uploads\/2011\/11\/c1.jpg\" alt=\"\" width=\"950\" height=\"600\" srcset=\"https:\/\/casariego-guerra.com\/wp-content\/uploads\/2011\/11\/c1.jpg 950w, https:\/\/casariego-guerra.com\/wp-content\/uploads\/2011\/11\/c1-560x353.jpg 560w\" sizes=\"(max-width: 950px) 100vw, 950px\" \/><\/a><\/span><\/span><span style=\"color: #808080;\">[Fotograf\u00eda de Beth Yarnelle]<\/span><\/p>\n<p><strong><span style=\"text-decoration: underline;\"><span style=\"color: #333333; text-decoration: underline;\">Joaqu\u00edn Casariego Ram\u00edrez (S\/C\u00a0Tenerife, 1948 &#8211; Las Palmas GC, 2016)<\/span><\/span><\/strong><\/p>\n<p><span style=\"color: #333333;\">Doctor Arquitecto y Catedr\u00e1tico de Universidad en el \u00e1rea de Urban\u00edstica y Ordenaci\u00f3n del Territorio. Desde 1977 ense\u00f1\u00f3 urbanismo en la Escuela T\u00e9cnica Superior de Arquitectura de Las Palmas.\u00a0Fue director de esta escuela entre 1987-1991, profesor visitante en la Graduate School of Design, Harvard University, USA, en 1994, 1995 y 2000, en la Escuela de Arquitectura de la Universidad Metropolitana de Caracas, Venezuela, en 2001, 2002 y 2004, en la Staedelschule de Arquitectura de Frankfurt, 2003, en la Design School de Filadelfia, Universidad de Pensilvania, en 2010, y en la Universidad Europea de Madrid en 2011 .\u00a0Fue asimismo\u00a0miembro del Consejo Rector de la AEEA (Asociaci\u00f3n Europea para la Ense\u00f1anza de la Arquitectura) entre 1995 y 1998 y public\u00f3 varios libros de urbanismo entre los que destaca Las Palmas: Dependencia, Marginalidad y Autoconstrucci\u00f3n (IEAL, 1987), Waterfronts, de nuevo (Ayuntamiento de Las Palmas, 1999) y \u201cEnvironments of Opportunity: Redevopment on the waterfront of Las Palmas\u201d (Harvard University Press, 2001). Dirigi\u00f3 la serie de urbanismo Exploraciones y\u00a0fue miembro del consejo de redacci\u00f3n de la revista Cartas Urbanas.<\/span><\/p>\n<p><strong><span style=\"text-decoration: underline;\"><span style=\"color: #333333; text-decoration: underline;\">Elsa Guerra Jim\u00e9nez (Las Palmas de Gran Canaria, 1959)<\/span><\/span><\/strong><\/p>\n<p><span style=\"color: #333333;\">Arquitecta, 1984, Escuela T\u00e9cnica Superior de Las Palmas, y Master en Planeamiento Urbano, 1994, por la Universidad de Las Palmas de Gran Canaria. Ha colaborado en diversas ocasiones en el Curso de Urban\u00edstica de la ETSA de Las Palmas GC; ha sido Visiting Critic en Graduate School of Design, Harvard University, 1999-2000, Profesora Visitante en la Universidad Metropolitana de Caracas, Venezuela, 2001, 2002 y 2004; invitada a la Staedelschule de Arquitectura de Frankfurt, 2003 y profesora visitante en la Universidad Europea de Madrid en 2011. Ha participado en diversos Congresos Internacionales, bien en la presentaci\u00f3n de ponencias, o dirigiendo su organizaci\u00f3n.<\/span><\/p>\n<p><span style=\"color: #333333;\">Desde 1985 hasta 1992 trabaj\u00f3 en la Direcci\u00f3n General de Vivienda del Gobierno de Canarias, obteniendo la plaza de arquitecta de la Comunidad Aut\u00f3noma, en excedencia en la actualidad. Fue miembro de la Junta de Gobierno del Colegio de Arquitectos de Canarias y Junta Directiva de la Demarcaci\u00f3n de Gran Canaria. <\/span>En la actualidad forma parte del \u00d3rgano Ambiental de Gran Canaria, as\u00ed como de la Ponencia T\u00e9cnica de de Patrimonio Arquitect\u00f3nico de Canarias.<\/p>\n<p>Desde Febrero de 2016 es la Administradora \u00fanica y Directora de CASARIEGO-GUERRA.<\/p>\n","protected":false},"excerpt":{"rendered":"<p>[Fotograf\u00eda de Beth Yarnelle] El Estudio CASARIEGO \/ GUERRA, arquitectos fue fundado por Joaqu\u00edn Casariego Ram\u00edrez y Elsa Guerra Jim\u00e9nez en 1984. Los temas de atenci\u00f3n, investigaci\u00f3n y trabajo profesional incluyen\u00a0 la arquitectura, el dise\u00f1o urbano y los trabajos de planeamiento. Esta combinaci\u00f3n de escalas, junto al inter\u00e9s paralelo en la investigaci\u00f3n disciplinar y el [&hellip;]<\/p>\n","protected":false},"author":2,"featured_media":0,"parent":4,"menu_order":2,"comment_status":"closed","ping_status":"closed","template":"","meta":[],"_links":{"self":[{"href":"https:\/\/casariego-guerra.com\/index.php?rest_route=\/wp\/v2\/pages\/436"}],"collection":[{"href":"https:\/\/casariego-guerra.com\/index.php?rest_route=\/wp\/v2\/pages"}],"about":[{"href":"https:\/\/casariego-guerra.com\/index.php?rest_route=\/wp\/v2\/types\/page"}],"author":[{"embeddable":true,"href":"https:\/\/casariego-guerra.com\/index.php?rest_route=\/wp\/v2\/users\/2"}],"replies":[{"embeddable":true,"href":"https:\/\/casariego-guerra.com\/index.php?rest_route=%2Fwp%2Fv2%2Fcomments&post=436"}],"version-history":[{"count":71,"href":"https:\/\/casariego-guerra.com\/index.php?rest_route=\/wp\/v2\/pages\/436\/revisions"}],"predecessor-version":[{"id":5365,"href":"https:\/\/casariego-guerra.com\/index.php?rest_route=\/wp\/v2\/pages\/436\/revisions\/5365"}],"up":[{"embeddable":true,"href":"https:\/\/casariego-guerra.com\/index.php?rest_route=\/wp\/v2\/pages\/4"}],"wp:attachment":[{"href":"https:\/\/casariego-guerra.com\/index.php?rest_route=%2Fwp%2Fv2%2Fmedia&parent=436"}],"curies":[{"name":"wp","href":"https:\/\/api.w.org\/{rel}","templated":true}]}}