{"id":4551,"date":"2012-12-21T10:55:08","date_gmt":"2012-12-21T11:55:08","guid":{"rendered":"http:\/\/casariego-guerra.com\/?page_id=4551"},"modified":"2012-12-21T11:04:40","modified_gmt":"2012-12-21T12:04:40","slug":"4551-2","status":"publish","type":"page","link":"https:\/\/casariego-guerra.com\/?page_id=4551","title":{"rendered":"[Propuesta para Sede de DISA] [2012]"},"content":{"rendered":"<p><a href=\"http:\/\/casariego-guerra.com\/?attachment_id=4342\" rel=\"attachment wp-att-4342\"><img loading=\"lazy\" class=\"alignnone size-full wp-image-4342\" title=\"torre ladeada\" src=\"http:\/\/casariego-guerra.com\/wp-content\/uploads\/2012\/09\/torre-ladeada.jpg\" alt=\"\" width=\"945\" height=\"426\" srcset=\"https:\/\/casariego-guerra.com\/wp-content\/uploads\/2012\/09\/torre-ladeada.jpg 945w, https:\/\/casariego-guerra.com\/wp-content\/uploads\/2012\/09\/torre-ladeada-560x252.jpg 560w\" sizes=\"(max-width: 945px) 100vw, 945px\" \/><\/a><\/p>\n<p><span style=\"color: #808080;\">[propuesta vista general hacia el norte]<\/span><\/p>\n<p><span style=\"color: #000000;\">Situaci\u00f3n: Sta Cruz de Tenerife<\/span><\/p>\n<p><span style=\"color: #000000;\">Promotor: DISA<\/span><\/p>\n<h3><span style=\"color: #000000;\">[CONCURSO DE IDEAS DE ARQUITECTURA PARA EL PROYECTO DE CONSTRUCCI\u00d3N DEL EDIFICIO DISA] [2012]<\/span><\/h3>\n<p><a href=\"http:\/\/casariego-guerra.com\/?attachment_id=4270\" rel=\"attachment wp-att-4270\"><img loading=\"lazy\" class=\"alignnone size-full wp-image-4270\" title=\"DISA_04\" src=\"http:\/\/casariego-guerra.com\/wp-content\/uploads\/2012\/09\/DISA_04.jpg\" alt=\"\" width=\"950\" height=\"600\" srcset=\"https:\/\/casariego-guerra.com\/wp-content\/uploads\/2012\/09\/DISA_04.jpg 950w, https:\/\/casariego-guerra.com\/wp-content\/uploads\/2012\/09\/DISA_04-560x353.jpg 560w\" sizes=\"(max-width: 950px) 100vw, 950px\" \/><\/a><\/p>\n<p>&nbsp;<\/p>\n<p><span style=\"color: #808080;\">[desarrollo del tipo-secci\u00f3n transversal]<\/span><\/p>\n<p><a href=\"http:\/\/casariego-guerra.com\/?attachment_id=4272\" rel=\"attachment wp-att-4272\"><img loading=\"lazy\" class=\"alignnone size-full wp-image-4272\" title=\"DISA_03\" src=\"http:\/\/casariego-guerra.com\/wp-content\/uploads\/2012\/09\/DISA_03.jpg\" alt=\"\" width=\"950\" height=\"600\" srcset=\"https:\/\/casariego-guerra.com\/wp-content\/uploads\/2012\/09\/DISA_03.jpg 950w, https:\/\/casariego-guerra.com\/wp-content\/uploads\/2012\/09\/DISA_03-560x353.jpg 560w\" sizes=\"(max-width: 950px) 100vw, 950px\" \/><\/a><\/p>\n<p><span style=\"color: #808080;\">[vista desde la plaza DISA]<\/span><\/p>\n<p><a href=\"http:\/\/casariego-guerra.com\/?attachment_id=4286\" rel=\"attachment wp-att-4286\"><img loading=\"lazy\" class=\"alignnone size-full wp-image-4286\" title=\"DISA_005\" src=\"http:\/\/casariego-guerra.com\/wp-content\/uploads\/2012\/09\/DISA_005.jpg\" alt=\"\" width=\"950\" height=\"600\" srcset=\"https:\/\/casariego-guerra.com\/wp-content\/uploads\/2012\/09\/DISA_005.jpg 950w, https:\/\/casariego-guerra.com\/wp-content\/uploads\/2012\/09\/DISA_005-560x353.jpg 560w\" sizes=\"(max-width: 950px) 100vw, 950px\" \/><\/a><span style=\"color: #808080;\">[ordenaci\u00f3n volum\u00e9trica-programa de usos]<\/span><\/p>\n<p><a href=\"http:\/\/casariego-guerra.com\/?attachment_id=4273\" rel=\"attachment wp-att-4273\"><img loading=\"lazy\" class=\"alignnone size-full wp-image-4273\" title=\"DISA_02\" src=\"http:\/\/casariego-guerra.com\/wp-content\/uploads\/2012\/09\/DISA_02.jpg\" alt=\"\" width=\"950\" height=\"600\" srcset=\"https:\/\/casariego-guerra.com\/wp-content\/uploads\/2012\/09\/DISA_02.jpg 950w, https:\/\/casariego-guerra.com\/wp-content\/uploads\/2012\/09\/DISA_02-560x353.jpg 560w\" sizes=\"(max-width: 950px) 100vw, 950px\" \/><\/a><span style=\"color: #808080;\">[detalle fachada nocturna]<\/span><\/p>\n<h6><span style=\"color: #000000;\">Equipo:<\/span><\/h6>\n<h6><span style=\"color: #000000;\">CASARIEGO \/ GUERRA, arquitectos<\/span><\/h6>\n<h6><span style=\"color: #000000;\">Direcci\u00f3n: Joaqu\u00edn Casariego Ram\u00edrez, arquitecto y Elsa Guerra Jim\u00e9nez, arquitecta. Jefa de Proyecto: Noem\u00ed Tejera Mujica, arquitecta; Desarrollo de Proyecto: Ra\u00fal Falc\u00f3n Nuez, arquitecto; Colaboradora: Natalia Vera Rodr\u00edguez, arquitecta; Colaboraci\u00f3n dise\u00f1o-maquetas: Luis L\u00f3pez Su\u00e1rez, estudiante de arquitectura; Dibujo asistido por ordenador: Carmelo Garc\u00eda Rodr\u00edguez, delineante; Administraci\u00f3n: Den\u00e9bola Acosta Y\u00e1\u00f1ez<\/span><\/h6>\n<p><span style=\"color: #000000;\">\u00a0<\/span><\/p>\n<h6><span style=\"color: #000000;\">AGUIAR INGENIEROS S.L., Instalaciones<\/span><\/h6>\n<h6><span style=\"color: #000000;\">Jos\u00e9 Fernando Aguiar Perera, Ingeniero Industrial, Director<\/span><\/h6>\n<h6><span style=\"color: #000000;\">Guillermo A. Holm Mateo, Ingeniero T\u00e9cnico Telecomunicaciones<\/span><\/h6>\n<p>&nbsp;<\/p>\n","protected":false},"excerpt":{"rendered":"<p>[propuesta vista general hacia el norte] Situaci\u00f3n: Sta Cruz de Tenerife Promotor: DISA [CONCURSO DE IDEAS DE ARQUITECTURA PARA EL PROYECTO DE CONSTRUCCI\u00d3N DEL EDIFICIO DISA] [2012] &nbsp; [desarrollo del tipo-secci\u00f3n transversal] [vista desde la plaza DISA] [ordenaci\u00f3n volum\u00e9trica-programa de usos] [detalle fachada nocturna] Equipo: CASARIEGO \/ GUERRA, arquitectos Direcci\u00f3n: Joaqu\u00edn Casariego Ram\u00edrez, arquitecto y [&hellip;]<\/p>\n","protected":false},"author":2,"featured_media":0,"parent":5,"menu_order":0,"comment_status":"closed","ping_status":"open","template":"","meta":[],"_links":{"self":[{"href":"https:\/\/casariego-guerra.com\/index.php?rest_route=\/wp\/v2\/pages\/4551"}],"collection":[{"href":"https:\/\/casariego-guerra.com\/index.php?rest_route=\/wp\/v2\/pages"}],"about":[{"href":"https:\/\/casariego-guerra.com\/index.php?rest_route=\/wp\/v2\/types\/page"}],"author":[{"embeddable":true,"href":"https:\/\/casariego-guerra.com\/index.php?rest_route=\/wp\/v2\/users\/2"}],"replies":[{"embeddable":true,"href":"https:\/\/casariego-guerra.com\/index.php?rest_route=%2Fwp%2Fv2%2Fcomments&post=4551"}],"version-history":[{"count":8,"href":"https:\/\/casariego-guerra.com\/index.php?rest_route=\/wp\/v2\/pages\/4551\/revisions"}],"predecessor-version":[{"id":4561,"href":"https:\/\/casariego-guerra.com\/index.php?rest_route=\/wp\/v2\/pages\/4551\/revisions\/4561"}],"up":[{"embeddable":true,"href":"https:\/\/casariego-guerra.com\/index.php?rest_route=\/wp\/v2\/pages\/5"}],"wp:attachment":[{"href":"https:\/\/casariego-guerra.com\/index.php?rest_route=%2Fwp%2Fv2%2Fmedia&parent=4551"}],"curies":[{"name":"wp","href":"https:\/\/api.w.org\/{rel}","templated":true}]}}