{"id":5033,"date":"2015-06-15T11:05:28","date_gmt":"2015-06-15T12:05:28","guid":{"rendered":"http:\/\/casariego-guerra.com\/?page_id=5033"},"modified":"2015-06-15T11:35:28","modified_gmt":"2015-06-15T12:35:28","slug":"parque-san-francisco","status":"publish","type":"page","link":"https:\/\/casariego-guerra.com\/?page_id=5033","title":{"rendered":"[Parque San Francisco]"},"content":{"rendered":"<p><a href=\"http:\/\/casariego-guerra.com\/?attachment_id=5034\" rel=\"attachment wp-att-5034\"><img loading=\"lazy\" class=\"alignnone size-large wp-image-5034\" src=\"http:\/\/casariego-guerra.com\/wp-content\/uploads\/2015\/06\/X_PSF_1_01-950x597.jpg\" alt=\"Planta y PANEL 1-PANEL 1\" width=\"950\" height=\"597\" srcset=\"https:\/\/casariego-guerra.com\/wp-content\/uploads\/2015\/06\/X_PSF_1_01.jpg 950w, https:\/\/casariego-guerra.com\/wp-content\/uploads\/2015\/06\/X_PSF_1_01-560x352.jpg 560w\" sizes=\"(max-width: 950px) 100vw, 950px\" \/><\/a><\/p>\n<p>[vista acceso principal C\/San Juan]<\/p>\n<h3><span style=\"color: #000000;\">[CONCURSO DE PROYECTOS PARA EL ESPACIO PARQUE SAN FRANCISCO DE PUERTO DE LA CRUZ] \u00a0[2013]<\/span><\/h3>\n<h6><span style=\"color: #000000;\">Equipo: CASARIEGO\u00a0\u00b7 GUERRA, arquitectos<\/span><\/h6>\n<p><strong><span style=\"color: #000000;\">Situaci\u00f3n: Puerto de la Cruz, Tenerife<\/span><\/strong><\/p>\n<p><a href=\"http:\/\/casariego-guerra.com\/?attachment_id=5056\" rel=\"attachment wp-att-5036\"><img loading=\"lazy\" class=\"alignnone wp-image-5056 size-large\" src=\"http:\/\/casariego-guerra.com\/wp-content\/uploads\/2015\/06\/X_PSF_1_0322-950x691.jpg\" alt=\"\" width=\"950\" height=\"691\" srcset=\"https:\/\/casariego-guerra.com\/wp-content\/uploads\/2015\/06\/X_PSF_1_0322.jpg 950w, https:\/\/casariego-guerra.com\/wp-content\/uploads\/2015\/06\/X_PSF_1_0322-560x407.jpg 560w\" sizes=\"(max-width: 950px) 100vw, 950px\" \/><\/a><\/p>\n<p>[planta de cubierta &#8211; reinterpretaci\u00f3n del espacio p\u00fablico]<\/p>\n<p><a href=\"http:\/\/casariego-guerra.com\/?attachment_id=5050\" rel=\"attachment wp-att-5050\"><img loading=\"lazy\" class=\"alignnone size-large wp-image-5050\" src=\"http:\/\/casariego-guerra.com\/wp-content\/uploads\/2015\/06\/X_PSF_2_02-copia-950x439.jpg\" alt=\"X\u00b7PSF_2\" width=\"950\" height=\"439\" srcset=\"https:\/\/casariego-guerra.com\/wp-content\/uploads\/2015\/06\/X_PSF_2_02-copia-950x439.jpg 950w, https:\/\/casariego-guerra.com\/wp-content\/uploads\/2015\/06\/X_PSF_2_02-copia-560x259.jpg 560w, https:\/\/casariego-guerra.com\/wp-content\/uploads\/2015\/06\/X_PSF_2_02-copia.jpg 1131w\" sizes=\"(max-width: 950px) 100vw, 950px\" \/><\/a><\/p>\n<p>[esquema organizativo] [perspectiva interior hall]<\/p>\n<p><a href=\"http:\/\/casariego-guerra.com\/?attachment_id=5040\" rel=\"attachment wp-att-5040\"><img loading=\"lazy\" class=\"alignnone size-large wp-image-5040\" src=\"http:\/\/casariego-guerra.com\/wp-content\/uploads\/2015\/06\/X_PSF_2_03-950x839.jpg\" alt=\"X\u00b7PSF_2\" width=\"950\" height=\"839\" srcset=\"https:\/\/casariego-guerra.com\/wp-content\/uploads\/2015\/06\/X_PSF_2_03.jpg 950w, https:\/\/casariego-guerra.com\/wp-content\/uploads\/2015\/06\/X_PSF_2_03-560x495.jpg 560w\" sizes=\"(max-width: 950px) 100vw, 950px\" \/><\/a>\u00a0[planta s\u00f3tano y planta primera]<\/p>\n<p><a href=\"http:\/\/casariego-guerra.com\/?attachment_id=5042\" rel=\"attachment wp-att-5042\"><img loading=\"lazy\" class=\"alignnone size-large wp-image-5042\" src=\"http:\/\/casariego-guerra.com\/wp-content\/uploads\/2015\/06\/X_PSF_3_02-950x209.jpg\" alt=\"X\u00b7PSF_3\" width=\"950\" height=\"209\" srcset=\"https:\/\/casariego-guerra.com\/wp-content\/uploads\/2015\/06\/X_PSF_3_02.jpg 950w, https:\/\/casariego-guerra.com\/wp-content\/uploads\/2015\/06\/X_PSF_3_02-560x123.jpg 560w\" sizes=\"(max-width: 950px) 100vw, 950px\" \/><\/a><\/p>\n<p>[secci\u00f3n transversal]<\/p>\n<p><a href=\"http:\/\/casariego-guerra.com\/?attachment_id=5043\" rel=\"attachment wp-att-5043\"><img loading=\"lazy\" class=\"alignnone size-large wp-image-5043\" src=\"http:\/\/casariego-guerra.com\/wp-content\/uploads\/2015\/06\/X_PSF_3_03-950x682.jpg\" alt=\"X\u00b7PSF_3\" width=\"950\" height=\"682\" srcset=\"https:\/\/casariego-guerra.com\/wp-content\/uploads\/2015\/06\/X_PSF_3_03.jpg 950w, https:\/\/casariego-guerra.com\/wp-content\/uploads\/2015\/06\/X_PSF_3_03-560x402.jpg 560w\" sizes=\"(max-width: 950px) 100vw, 950px\" \/><\/a><\/p>\n<p>[vista del auditorio &#8211; escenario principal]<\/p>\n<p><a href=\"http:\/\/casariego-guerra.com\/?attachment_id=5041\" rel=\"attachment wp-att-5041\"><img loading=\"lazy\" class=\"alignnone size-large wp-image-5041\" src=\"http:\/\/casariego-guerra.com\/wp-content\/uploads\/2015\/06\/X_PSF_3_01-950x537.jpg\" alt=\"X\u00b7PSF_3\" width=\"950\" height=\"537\" srcset=\"https:\/\/casariego-guerra.com\/wp-content\/uploads\/2015\/06\/X_PSF_3_01.jpg 950w, https:\/\/casariego-guerra.com\/wp-content\/uploads\/2015\/06\/X_PSF_3_01-560x317.jpg 560w\" sizes=\"(max-width: 950px) 100vw, 950px\" \/><\/a><\/p>\n<p>[perspectiva nocturna]<\/p>\n<h6><span style=\"color: #000000;\">Equipo: CASARIEGO \u00b7 GUERRA arquitectos<\/span><\/h6>\n<h6><span style=\"color: #000000;\">Direcci\u00f3n: Joaqu\u00edn Casariego Ram\u00edrez, Arquitecto y Elsa Guerra Jim\u00e9nez, Arquitecta. Coordinaci\u00f3n: Noem\u00ed Tejera Mujica, Arquitecta; Colaboradores: Alberto Iglesias Mu\u00f1oz, Irene Mansilla Calder\u00f3n, Raquel Santana \u00c1lvarez, Laura M\u00aa Marrero Santana, Arquitectos.<\/span><\/h6>\n<h6><span style=\"color: #000000;\">Promotor: Consorcio de Rehabilitaci\u00f3n Puerto de la Cruz.<\/span><\/h6>\n","protected":false},"excerpt":{"rendered":"<p>[vista acceso principal C\/San Juan] [CONCURSO DE PROYECTOS PARA EL ESPACIO PARQUE SAN FRANCISCO DE PUERTO DE LA CRUZ] \u00a0[2013] Equipo: CASARIEGO\u00a0\u00b7 GUERRA, arquitectos Situaci\u00f3n: Puerto de la Cruz, Tenerife [planta de cubierta &#8211; reinterpretaci\u00f3n del espacio p\u00fablico] [esquema organizativo] [perspectiva interior hall] \u00a0[planta s\u00f3tano y planta primera] [secci\u00f3n transversal] [vista del auditorio &#8211; escenario [&hellip;]<\/p>\n","protected":false},"author":2,"featured_media":0,"parent":9,"menu_order":0,"comment_status":"closed","ping_status":"closed","template":"","meta":[],"_links":{"self":[{"href":"https:\/\/casariego-guerra.com\/index.php?rest_route=\/wp\/v2\/pages\/5033"}],"collection":[{"href":"https:\/\/casariego-guerra.com\/index.php?rest_route=\/wp\/v2\/pages"}],"about":[{"href":"https:\/\/casariego-guerra.com\/index.php?rest_route=\/wp\/v2\/types\/page"}],"author":[{"embeddable":true,"href":"https:\/\/casariego-guerra.com\/index.php?rest_route=\/wp\/v2\/users\/2"}],"replies":[{"embeddable":true,"href":"https:\/\/casariego-guerra.com\/index.php?rest_route=%2Fwp%2Fv2%2Fcomments&post=5033"}],"version-history":[{"count":12,"href":"https:\/\/casariego-guerra.com\/index.php?rest_route=\/wp\/v2\/pages\/5033\/revisions"}],"predecessor-version":[{"id":5058,"href":"https:\/\/casariego-guerra.com\/index.php?rest_route=\/wp\/v2\/pages\/5033\/revisions\/5058"}],"up":[{"embeddable":true,"href":"https:\/\/casariego-guerra.com\/index.php?rest_route=\/wp\/v2\/pages\/9"}],"wp:attachment":[{"href":"https:\/\/casariego-guerra.com\/index.php?rest_route=%2Fwp%2Fv2%2Fmedia&parent=5033"}],"curies":[{"name":"wp","href":"https:\/\/api.w.org\/{rel}","templated":true}]}}