{"id":5251,"date":"2017-12-20T11:18:08","date_gmt":"2017-12-20T12:18:08","guid":{"rendered":"http:\/\/casariego-guerra.com\/?page_id=5251"},"modified":"2017-12-20T14:47:45","modified_gmt":"2017-12-20T15:47:45","slug":"p-d-zonas-comerciales-abiertas-de-gran-canaria-2014","status":"publish","type":"page","link":"https:\/\/casariego-guerra.com\/?page_id=5251","title":{"rendered":"[P.D. Zonas Comerciales Abiertas de Gran Canaria]  [2014]"},"content":{"rendered":"<p><a href=\"http:\/\/casariego-guerra.com\/?attachment_id=4957\" rel=\"attachment wp-att-4957\"><img loading=\"lazy\" class=\"alignnone size-large wp-image-4957\" src=\"http:\/\/casariego-guerra.com\/wp-content\/uploads\/2014\/10\/1_-950x424.jpg\" alt=\"\" width=\"950\" height=\"424\" srcset=\"https:\/\/casariego-guerra.com\/wp-content\/uploads\/2014\/10\/1_-950x424.jpg 950w, https:\/\/casariego-guerra.com\/wp-content\/uploads\/2014\/10\/1_-560x250.jpg 560w, https:\/\/casariego-guerra.com\/wp-content\/uploads\/2014\/10\/1_.jpg 1240w\" sizes=\"(max-width: 950px) 100vw, 950px\" \/><\/a><\/p>\n<p><!--more--><\/p>\n<h3><span style=\"color: #000000;\">[P.D. Zonas Comerciales Abiertas de Gran Canaria] [2014]<\/span><\/h3>\n<h6><span style=\"color: #000000;\">Promotor: Cabildo de Gran Canaria<\/span><\/h6>\n<h6><span style=\"color: #000000;\">Equipo: CASARIEGO\/GUERRA arquitectos<\/span><\/h6>\n<h6><span style=\"color: #000000;\">Direcci\u00f3n: Joaqu\u00edn Casariego Ram\u00edrez, Elsa Guerra Jim\u00e9nez, Noem\u00ed Tejera Mujica. An\u00e1lisis socioecon\u00f3mico: Catalina Santana P\u00e9rez, Lcda. Econ\u00f3micas ; Estad\u00edsticas y An\u00e1lisis: F. Cristian Cabrera Falc\u00f3n, Lcdo. Geograf\u00eda; Colaboraci\u00f3n: Irene Mansilla Calder\u00f3n,\u00a0Raquel Santana \u00c1lvarez.; Dise\u00f1o Web: TAC 7, Mario Marrero, Lcdo. Inform\u00e1tica.<\/span><\/h6>\n<p>&nbsp;<\/p>\n<p><u>Memoria S\u00edntesis<\/u><\/p>\n<p>El Plan Director Insular de Zonas Comerciales Abiertas de Gran Canaria, es un documento de reflexi\u00f3n, de reuni\u00f3n y de instrumentaci\u00f3n estrat\u00e9gica, cuyo objeto fundamental es ofrecer la instrumentaci\u00f3n adecuada para que las acciones futuras adem\u00e1s de fortalecer y mejorar cada una de las Zonas Comerciales Abiertas de Gran Canaria, las ponga en relaci\u00f3n, constituyendo un conjunto articulado, cuya ordenaci\u00f3n, potenciaci\u00f3n y dinamizaci\u00f3n resulte en la consolidaci\u00f3n de la Red de Zonas Comerciales Abiertas de Gran Canaria (Red <strong>\u00b7<u> ZCA GC\u00b7<\/u><\/strong>).<\/p>\n<p>El An\u00e1lisis y Diagn\u00f3stico, concluyeron en:<\/p>\n<p><em>Se definen como <strong>ZONAS COMERCIALES ABIERTAS<\/strong> aquellas \u00e1reas centrales de ciudades, pueblos y barrios, que re\u00fanen una oferta comercial y complementaria dirigida a una demanda que excede la residente, articulada a partir de la trama urbana, permitiendo su delimitaci\u00f3n espacial espec\u00edfica y su gesti\u00f3n unitaria. <\/em><\/p>\n<p>A partir de esos criterios se defini\u00f3 la Red de Zonas Comerciales Abiertas de Gran<\/p>\n<p>Canaria, <strong>ZCA\u00b7GC<\/strong>, conformada por 41 Zonas Comerciales Abiertas (2014). A modo de base de partida, que se ir\u00e1 revisando en funci\u00f3n de las actuaciones que se vayan desarrollando en estos \u00e1mbitos y de los programa marco que se vayan definiendo.<\/p>\n<p>Cada Zona Comercial Abierta cuenta en el Plan Director Insular con una Ficha espec\u00edfica, que incluye para cada caso:<\/p>\n<ol>\n<li>Datos generales y primera aproximaci\u00f3n a \u00e1mbito de estudio ZCA.<\/li>\n<li>Aproximaci\u00f3n preliminar a la Definici\u00f3n de ZCA, incluyendo Objetivos y Criterios, Actuaciones, Clasificaci\u00f3n y Estimaci\u00f3n inicial de costes.<\/li>\n<\/ol>\n<p><a href=\"http:\/\/casariego-guerra.com\/?attachment_id=5248\" rel=\"attachment wp-att-5248\"><img loading=\"lazy\" class=\"alignnone size-full wp-image-5248\" src=\"http:\/\/casariego-guerra.com\/wp-content\/uploads\/2017\/12\/1_tipo-y-posicion.jpg\" alt=\"\" width=\"764\" height=\"574\" srcset=\"https:\/\/casariego-guerra.com\/wp-content\/uploads\/2017\/12\/1_tipo-y-posicion.jpg 764w, https:\/\/casariego-guerra.com\/wp-content\/uploads\/2017\/12\/1_tipo-y-posicion-560x421.jpg 560w\" sizes=\"(max-width: 764px) 100vw, 764px\" \/><\/a><\/p>\n<p>[Red ZCAGC \u2013 Tipo y posici\u00f3n]<\/p>\n<p><a href=\"http:\/\/casariego-guerra.com\/?attachment_id=5247\" rel=\"attachment wp-att-5247\"><img loading=\"lazy\" class=\"alignnone size-full wp-image-5247\" src=\"http:\/\/casariego-guerra.com\/wp-content\/uploads\/2017\/12\/2_accesibilidad.jpg\" alt=\"\" width=\"749\" height=\"578\" srcset=\"https:\/\/casariego-guerra.com\/wp-content\/uploads\/2017\/12\/2_accesibilidad.jpg 749w, https:\/\/casariego-guerra.com\/wp-content\/uploads\/2017\/12\/2_accesibilidad-560x432.jpg 560w\" sizes=\"(max-width: 749px) 100vw, 749px\" \/><\/a><\/p>\n<p>[Red ZCAGC \u2013 Accesibilidad]<\/p>\n<div id=\"forbottom\">\u00a0<a href=\"http:\/\/casariego-guerra.com\/?attachment_id=5246\" rel=\"attachment wp-att-5246\"><img loading=\"lazy\" class=\"alignnone size-full wp-image-5246\" src=\"http:\/\/casariego-guerra.com\/wp-content\/uploads\/2017\/12\/3red-de-redes.jpg\" alt=\"\" width=\"763\" height=\"579\" srcset=\"https:\/\/casariego-guerra.com\/wp-content\/uploads\/2017\/12\/3red-de-redes.jpg 763w, https:\/\/casariego-guerra.com\/wp-content\/uploads\/2017\/12\/3red-de-redes-560x425.jpg 560w\" sizes=\"(max-width: 763px) 100vw, 763px\" \/><\/a><\/div>\n<p>[Red de redes ZCA\u00b7GC]<\/p>\n<p>&nbsp;<\/p>\n<p><!--more--><\/p>\n<p>A partir del siguiente link tienes acceso a la web de las ZONAS COMERCIALES ABIERTAS DE GRAN CANARIA.<\/p>\n<p><a href=\"http:\/\/casiopea.tac7.es\/portal_zca\/content\/HTML\/index.php\"><span style=\"color: #ff6600;\">Link<\/span><\/a><\/p>\n<p>&nbsp;<\/p>\n","protected":false},"excerpt":{"rendered":"","protected":false},"author":2,"featured_media":0,"parent":11,"menu_order":0,"comment_status":"closed","ping_status":"closed","template":"","meta":[],"_links":{"self":[{"href":"https:\/\/casariego-guerra.com\/index.php?rest_route=\/wp\/v2\/pages\/5251"}],"collection":[{"href":"https:\/\/casariego-guerra.com\/index.php?rest_route=\/wp\/v2\/pages"}],"about":[{"href":"https:\/\/casariego-guerra.com\/index.php?rest_route=\/wp\/v2\/types\/page"}],"author":[{"embeddable":true,"href":"https:\/\/casariego-guerra.com\/index.php?rest_route=\/wp\/v2\/users\/2"}],"replies":[{"embeddable":true,"href":"https:\/\/casariego-guerra.com\/index.php?rest_route=%2Fwp%2Fv2%2Fcomments&post=5251"}],"version-history":[{"count":12,"href":"https:\/\/casariego-guerra.com\/index.php?rest_route=\/wp\/v2\/pages\/5251\/revisions"}],"predecessor-version":[{"id":5282,"href":"https:\/\/casariego-guerra.com\/index.php?rest_route=\/wp\/v2\/pages\/5251\/revisions\/5282"}],"up":[{"embeddable":true,"href":"https:\/\/casariego-guerra.com\/index.php?rest_route=\/wp\/v2\/pages\/11"}],"wp:attachment":[{"href":"https:\/\/casariego-guerra.com\/index.php?rest_route=%2Fwp%2Fv2%2Fmedia&parent=5251"}],"curies":[{"name":"wp","href":"https:\/\/api.w.org\/{rel}","templated":true}]}}