{"id":5261,"date":"2017-12-20T11:48:41","date_gmt":"2017-12-20T12:48:41","guid":{"rendered":"http:\/\/casariego-guerra.com\/?page_id=5261"},"modified":"2017-12-20T14:53:47","modified_gmt":"2017-12-20T15:53:47","slug":"tramo-1-y-tramo-2-del-paseo-de-la-costa2012-2014","status":"publish","type":"page","link":"https:\/\/casariego-guerra.com\/?page_id=5261","title":{"rendered":"[Adecuaci\u00f3n del Paseo de la Costa, Puerto de la Cruz] [2011-2017]"},"content":{"rendered":"<h3><a href=\"http:\/\/casariego-guerra.com\/?attachment_id=5154\" rel=\"attachment wp-att-5154\"><img loading=\"lazy\" class=\"alignnone size-large wp-image-5154\" src=\"http:\/\/casariego-guerra.com\/wp-content\/uploads\/2017\/12\/PASEO_COSTA_01web-950x436.jpg\" alt=\"\" width=\"950\" height=\"436\" srcset=\"https:\/\/casariego-guerra.com\/wp-content\/uploads\/2017\/12\/PASEO_COSTA_01web.jpg 950w, https:\/\/casariego-guerra.com\/wp-content\/uploads\/2017\/12\/PASEO_COSTA_01web-560x257.jpg 560w, https:\/\/casariego-guerra.com\/wp-content\/uploads\/2017\/12\/PASEO_COSTA_01web-768x352.jpg 768w\" sizes=\"(max-width: 950px) 100vw, 950px\" \/><\/a><\/h3>\n<h3><span style=\"color: #000000;\">ADECUACI\u00d3N DEL PASEO DE LA COSTA, PUERTO DE LA CRUZ [2011-2017]<\/span><\/h3>\n<h6><\/h6>\n<h6><span style=\"color: #000000;\">Proyecto: 2011 &#8211; 2016<\/span><\/h6>\n<h6><span style=\"color: #000000;\">Obra: 2017 \u2013 2018 (Acta de Replanteo 20-11-17)<\/span><\/h6>\n<h6><span style=\"color: #000000;\">Longitud: 394 ml (+ escaleras transversales)<\/span><\/h6>\n<h6><span style=\"color: #000000;\">Superficie: 2.565,37 m<sup>2<\/sup><\/span><\/h6>\n<h6><span style=\"color: #000000;\">Promueve: CONSORCIO URBAN\u00cdSTICO PARA LA REHABILITACI\u00d3N DE PUERTO DE LA CRUZ (con la Direcci\u00f3n Gral. de Infraestructura Tur\u00edstica del Gobierno de Canarias y el Cabildo de Tenerife, en la elaboraci\u00f3n de proyectos.<\/span><\/h6>\n<p>&nbsp;<\/p>\n<h6><span style=\"color: #000000;\"><u>Equipo<\/u>: CASARIEGO \/ GUERRA, arquitectos<\/span><\/h6>\n<h6><span style=\"color: #000000;\">Proyecto:<\/span><\/h6>\n<h6 style=\"padding-left: 30px;\"><span style=\"color: #000000;\"><u>Direcci\u00f3n<\/u>: Joaqu\u00edn Casariego Ram\u00edrez, Elsa Guerra Jim\u00e9nez, Noem\u00ed Tejera Mujica<\/span><\/h6>\n<h6 style=\"padding-left: 30px;\"><span style=\"color: #000000;\"><u>Desarrollo<\/u>: Mar\u00eda Gonz\u00e1lez Santana.<\/span><\/h6>\n<h6 style=\"padding-left: 30px;\"><span style=\"color: #000000;\"><u>Colaboraciones<\/u>:<\/span><\/h6>\n<h6 style=\"padding-left: 30px;\"><span style=\"color: #000000;\">Irene Mansilla Calder\u00f3n, Carmelo Garc\u00eda Rodr\u00edguez, Luis L\u00f3pez Su\u00e1rez,<\/span><\/h6>\n<h6 style=\"padding-left: 30px;\"><span style=\"color: #000000;\"><u>Micropilotes<\/u>: David Sen\u00e9n Mora (CIMENTOS S.L.)<\/span><\/h6>\n<h6 style=\"padding-left: 30px;\"><span style=\"color: #000000;\"><u>Estructuras<\/u>: Juan Rafael P\u00e9rez Cabrera (ARQUITESTRUCTURAS)<\/span><\/h6>\n<h6 style=\"padding-left: 30px;\"><span style=\"color: #000000;\"><u>Presupuesto<\/u>: Francisco Gonz\u00e1lez Herrera (MECO Arquitectos T\u00e9cnicos)<\/span><\/h6>\n<h6 style=\"padding-left: 30px;\"><span style=\"color: #000000;\"><u>Alumbrado<\/u>: J. Fernando Aguiar Perera (AGUIAR Ingenieros S.L.)<\/span><\/h6>\n<h6><span style=\"color: #000000;\">Obras:<\/span><\/h6>\n<h6 style=\"padding-left: 30px;\"><span style=\"color: #000000;\"><u>Direcci\u00f3n<\/u>: Elsa Guerra Jim\u00e9nez.<\/span><\/h6>\n<h6 style=\"padding-left: 30px;\"><span style=\"color: #000000;\"><u>Asesor\u00eda Estructuras<\/u>: Aar\u00f3n Medina Darias (GRAVITY)<\/span><\/h6>\n<h6 style=\"padding-left: 30px;\"><span style=\"color: #000000;\"><u>Direcci\u00f3n de Ejecuci\u00f3n y Coordinaci\u00f3n de Seguridad y Salud<\/u>: Francisco Gonz\u00e1lez Herrera (MECO)<\/span><\/h6>\n<h6 style=\"padding-left: 30px;\"><span style=\"color: #000000;\"><u>Alumbrado<\/u>: Jos\u00e9 Carlos (AGUIAR Ingenieros)<\/span><\/h6>\n<p>&nbsp;<\/p>\n<p><u>Memoria \u2013 S\u00edntesis<\/u>:<\/p>\n<p>Se trata de un paseo costero peatonal existente, en la zona denominada La Paz en el n\u00facleo tur\u00edstico de Puerto de la Cruz, que en la actualidad presenta ciertos problemas de funcionalidad y obsolescencia. El paseo constituye la cornisa del acantilado costero, que discurre a una altura de m\u00e1s de 80,00 m. sobre el nivel del mar, en concreto desde la cota 83,26 m. junto al Hotel Semiramis, hasta la cota 83,77 en el Mirador de la Paz.<\/p>\n<p>La configuraci\u00f3n del espacio es la de un paseo peatonal, con algunas terrazas vinculadas a locales de restauraci\u00f3n situados en los edificios de borde. No obstante, son las impresionantes vistas sobre el litoral portuense y el oc\u00e9ano las que constituyen la principal cualidad espacial del conjunto, adem\u00e1s del contacto con el acantilado que acoge importantes valores naturales y patrimoniales.<\/p>\n<p>Los aspectos que se abordan en el Proyecto son los siguientes:<\/p>\n<p>Aportar un sistema de Estabilizaci\u00f3n de Contenciones que proporcione la seguridad adecuada al contexto del Paseo.<\/p>\n<ol>\n<li>La Accesibilidad.<\/li>\n<li>La Integraci\u00f3n en el entorno pr\u00f3ximo.<\/li>\n<li>Actualizar las Condiciones Espaciales y Materiales del Paseo, al tiempo que mejorar sus dotaciones como \u00e1mbito singular del espacio p\u00fablico de Puerto de la Cruz.<\/li>\n<li>Eliminar la actual instalaci\u00f3n inadecuada de tanques de saneamiento soterrados e instalar en su lugar una Estaci\u00f3n de Bombeo conectada a la red general de saneamiento.<\/li>\n<\/ol>\n<p>La obra se inici\u00f3 en noviembre de 2017, previendo finalizar en enero de 2019.<\/p>\n<p>&nbsp;<\/p>\n<h3><img src=\"http:\/\/casariego-guerra.com\/wp-content\/uploads\/2012\/08\/aa.jpg\" alt=\"\" \/><\/h3>\n<p><a href=\"http:\/\/casariego-guerra.com\/?attachment_id=5135\" rel=\"attachment wp-att-5135\"><img loading=\"lazy\" class=\"alignnone size-large wp-image-5135\" src=\"http:\/\/casariego-guerra.com\/wp-content\/uploads\/2014\/11\/Paseo-de-la-Costa-1-950x425.jpg\" alt=\"\" width=\"950\" height=\"425\" srcset=\"https:\/\/casariego-guerra.com\/wp-content\/uploads\/2014\/11\/Paseo-de-la-Costa-1.jpg 950w, https:\/\/casariego-guerra.com\/wp-content\/uploads\/2014\/11\/Paseo-de-la-Costa-1-560x251.jpg 560w, https:\/\/casariego-guerra.com\/wp-content\/uploads\/2014\/11\/Paseo-de-la-Costa-1-768x344.jpg 768w\" sizes=\"(max-width: 950px) 100vw, 950px\" \/><\/a><\/p>\n<p><a href=\"http:\/\/casariego-guerra.com\/?attachment_id=5283\" rel=\"attachment wp-att-5283\"><img loading=\"lazy\" class=\"alignnone size-full wp-image-5283\" src=\"http:\/\/casariego-guerra.com\/wp-content\/uploads\/2017\/12\/TRAMO-2-FASE-2.jpg\" alt=\"\" width=\"857\" height=\"498\" srcset=\"https:\/\/casariego-guerra.com\/wp-content\/uploads\/2017\/12\/TRAMO-2-FASE-2.jpg 857w, https:\/\/casariego-guerra.com\/wp-content\/uploads\/2017\/12\/TRAMO-2-FASE-2-560x325.jpg 560w, https:\/\/casariego-guerra.com\/wp-content\/uploads\/2017\/12\/TRAMO-2-FASE-2-768x446.jpg 768w\" sizes=\"(max-width: 857px) 100vw, 857px\" \/><\/a><\/p>\n<p>&nbsp;<\/p>\n<p>El Consorcio Urban\u00edstico para la Rehabilitaci\u00f3n de Puerto de la Cruz ha licitado el Proyecto Refundido de la obra del Paseo de la Costa en el tramo comprendido entre el Mirador de La Paz y el Hotel Semiramis [Julio 2017]<\/p>\n<p>&nbsp;<\/p>\n<p>El Consorcio para la Rehabilitaci\u00f3n\u00a0de Puerto de la Cruz, ha enviado al BOC el anuncio de Licitaci\u00f3n de las obras de ADECUACI\u00d3N Y MEJORA DEL PASEO DE LA COSTA, cuyos proyectos\u00a0han sido elaborados por CASARIEGO\u00b7GUERRA, en 2011-2014, por lo que pr\u00f3ximamente podr\u00e1 iniciarse la actuaci\u00f3n. Se ha elaborado el Estudio Geot\u00e9cnico y se ha presentado una muestra de la barandilla, que se encuentra en las dependencias municipales.<\/p>\n<p>M\u00e1s informaci\u00f3n en el siguiente enlace:<\/p>\n<p><a href=\"http:\/\/eldia.es\/norte\/2015-06-01\/0-Licitan-millon-nuevo-paseo-costa.htm\" target=\"_blank\" rel=\"noopener\"> http:\/\/eldia.es\/norte\/2015-06-01\/0-Licitan-millon-nuevo-paseo-costa.htm<\/a><\/p>\n<h3><\/h3>\n","protected":false},"excerpt":{"rendered":"<p>ADECUACI\u00d3N DEL PASEO DE LA COSTA, PUERTO DE LA CRUZ [2011-2017] Proyecto: 2011 &#8211; 2016 Obra: 2017 \u2013 2018 (Acta de Replanteo 20-11-17) Longitud: 394 ml (+ escaleras transversales) Superficie: 2.565,37 m2 Promueve: CONSORCIO URBAN\u00cdSTICO PARA LA REHABILITACI\u00d3N DE PUERTO DE LA CRUZ (con la Direcci\u00f3n Gral. de Infraestructura Tur\u00edstica del Gobierno de Canarias y [&hellip;]<\/p>\n","protected":false},"author":2,"featured_media":0,"parent":9,"menu_order":0,"comment_status":"closed","ping_status":"closed","template":"","meta":[],"_links":{"self":[{"href":"https:\/\/casariego-guerra.com\/index.php?rest_route=\/wp\/v2\/pages\/5261"}],"collection":[{"href":"https:\/\/casariego-guerra.com\/index.php?rest_route=\/wp\/v2\/pages"}],"about":[{"href":"https:\/\/casariego-guerra.com\/index.php?rest_route=\/wp\/v2\/types\/page"}],"author":[{"embeddable":true,"href":"https:\/\/casariego-guerra.com\/index.php?rest_route=\/wp\/v2\/users\/2"}],"replies":[{"embeddable":true,"href":"https:\/\/casariego-guerra.com\/index.php?rest_route=%2Fwp%2Fv2%2Fcomments&post=5261"}],"version-history":[{"count":13,"href":"https:\/\/casariego-guerra.com\/index.php?rest_route=\/wp\/v2\/pages\/5261\/revisions"}],"predecessor-version":[{"id":5284,"href":"https:\/\/casariego-guerra.com\/index.php?rest_route=\/wp\/v2\/pages\/5261\/revisions\/5284"}],"up":[{"embeddable":true,"href":"https:\/\/casariego-guerra.com\/index.php?rest_route=\/wp\/v2\/pages\/9"}],"wp:attachment":[{"href":"https:\/\/casariego-guerra.com\/index.php?rest_route=%2Fwp%2Fv2%2Fmedia&parent=5261"}],"curies":[{"name":"wp","href":"https:\/\/api.w.org\/{rel}","templated":true}]}}