{"id":773,"date":"2011-10-14T10:39:33","date_gmt":"2011-10-14T11:39:33","guid":{"rendered":"http:\/\/casariego-guerra.com\/blog\/?page_id=773"},"modified":"2012-11-14T09:02:50","modified_gmt":"2012-11-14T10:02:50","slug":"casa-rural-para-un-veterinario","status":"publish","type":"page","link":"https:\/\/casariego-guerra.com\/?page_id=773","title":{"rendered":"[Casa Rural para un Veterinario]  [2010]"},"content":{"rendered":"<p><span style=\"color: #808080;\"><a href=\"http:\/\/casariego-guerra.com\/?attachment_id=1951\" rel=\"attachment wp-att-1951\"><img loading=\"lazy\" class=\"alignnone size-full wp-image-1951\" title=\"6\" src=\"http:\/\/casariego-guerra.com\/wp-content\/uploads\/2011\/11\/6.jpg\" alt=\"\" width=\"945\" height=\"600\" srcset=\"https:\/\/casariego-guerra.com\/wp-content\/uploads\/2011\/11\/6.jpg 945w, https:\/\/casariego-guerra.com\/wp-content\/uploads\/2011\/11\/6-560x355.jpg 560w\" sizes=\"(max-width: 945px) 100vw, 945px\" \/><\/a><\/span><\/p>\n<p>[levantamiento 3d]<\/p>\n<h3><span style=\"color: #000000;\">[CASA RURAL PARA UN VETERINARIO]\u00a0 [2010]<\/span><\/h3>\n<h6><span style=\"color: #000000;\">Proyecto: 2.010 (Anteproyecto)<\/span><\/h6>\n<h6><span style=\"color: #000000;\">Situaci\u00f3n: La Dehesa \u2013 Santa M\u00aa de Gu\u00eda, Gran Canaria.<\/span><\/h6>\n<h6><\/h6>\n<h6><a href=\"http:\/\/casariego-guerra.com\/?attachment_id=1946\" rel=\"attachment wp-att-1946\"><img loading=\"lazy\" class=\"alignnone size-full wp-image-1946\" title=\"1\" src=\"http:\/\/casariego-guerra.com\/wp-content\/uploads\/2011\/11\/1.jpg\" alt=\"\" width=\"945\" height=\"237\" srcset=\"https:\/\/casariego-guerra.com\/wp-content\/uploads\/2011\/11\/1.jpg 945w, https:\/\/casariego-guerra.com\/wp-content\/uploads\/2011\/11\/1-560x140.jpg 560w\" sizes=\"(max-width: 945px) 100vw, 945px\" \/><\/a><\/h6>\n<p><span style=\"color: #808080;\">[perspectiva del lugar]<\/span><\/p>\n<p><span style=\"color: #000000;\">Se trata de una actuaci\u00f3n de rehabilitaci\u00f3n en un conjunto de dos piezas de arquitectura tradicional: alpende y pajar, incluidas en el Cat\u00e1logo Municipal Arquitect\u00f3nico y Etnogr\u00e1fico. Las piezas se sit\u00faan en el borde m\u00e1s elevado de la Finca, desde donde se divisa la vega noroeste hasta alcanzar el litoral.<\/span><\/p>\n<p><span style=\"color: #000000;\">Se pretende la restauraci\u00f3n de las piezas existentes y la transformaci\u00f3n del conjunto en una vivienda, con un programa de dos-tres dormitorios. La vista y la adecuaci\u00f3n paisaj\u00edstica son dos aspectos b\u00e1sicos de la actuaci\u00f3n.<\/span><\/p>\n<p><span style=\"color: #000000;\"><a href=\"http:\/\/casariego-guerra.com\/?attachment_id=1947\" rel=\"attachment wp-att-1947\"><img loading=\"lazy\" class=\"alignnone size-full wp-image-1947\" title=\"2\" src=\"http:\/\/casariego-guerra.com\/wp-content\/uploads\/2011\/11\/2-e1320326875265.jpg\" alt=\"\" width=\"937\" height=\"578\" srcset=\"https:\/\/casariego-guerra.com\/wp-content\/uploads\/2011\/11\/2-e1320326875265.jpg 937w, https:\/\/casariego-guerra.com\/wp-content\/uploads\/2011\/11\/2-e1320326875265-560x345.jpg 560w\" sizes=\"(max-width: 937px) 100vw, 937px\" \/><\/a><\/span><\/p>\n<p>&nbsp;<\/p>\n<p><span style=\"color: #808080;\">[relaci\u00f3n entre las piezas y el lugar]<\/span><a href=\"http:\/\/casariego-guerra.com\/?attachment_id=1945\" rel=\"attachment wp-att-1945\"><img loading=\"lazy\" class=\"alignnone size-full wp-image-1945\" title=\"7\" src=\"http:\/\/casariego-guerra.com\/wp-content\/uploads\/2011\/11\/7.jpg\" alt=\"\" width=\"945\" height=\"550\" srcset=\"https:\/\/casariego-guerra.com\/wp-content\/uploads\/2011\/11\/7.jpg 945w, https:\/\/casariego-guerra.com\/wp-content\/uploads\/2011\/11\/7-560x325.jpg 560w\" sizes=\"(max-width: 945px) 100vw, 945px\" \/><\/a><\/p>\n<p><span style=\"color: #000000;\"><a href=\"http:\/\/casariego-guerra.com\/?attachment_id=1948\" rel=\"attachment wp-att-1948\"><img loading=\"lazy\" class=\"alignnone size-full wp-image-1948\" title=\"3\" src=\"http:\/\/casariego-guerra.com\/wp-content\/uploads\/2011\/11\/3.jpg\" alt=\"\" width=\"945\" height=\"579\" srcset=\"https:\/\/casariego-guerra.com\/wp-content\/uploads\/2011\/11\/3.jpg 945w, https:\/\/casariego-guerra.com\/wp-content\/uploads\/2011\/11\/3-560x343.jpg 560w\" sizes=\"(max-width: 945px) 100vw, 945px\" \/><\/a><\/span><\/p>\n<p><span style=\"color: #808080;\">[planta y secciones]<\/span><\/p>\n<p><span style=\"color: #000000;\">Tras el estudio de las condiciones urban\u00edstico se opt\u00f3 por la Restauraci\u00f3n del Pajar como Vivienda, con un Programa de 2 dormitorios, ampliando su superficie en 15,00 m2 (m\u00e1x. permitido). La actuaci\u00f3n incluye el espacio perimetral, tanto de acceso rodado y peatonal, como el tratamiento de muro de cerca, arbolado, jard\u00edn y paseos peatonales hasta la vivienda y porche.<\/span><\/p>\n<p><span style=\"color: #000000;\">El tratamiento del alpende y zona libre anexa se abordar\u00e1 en todo caso en una segunda fase.<\/span><\/p>\n<p><span style=\"color: #000000;\"><a href=\"http:\/\/casariego-guerra.com\/?attachment_id=1949\" rel=\"attachment wp-att-1949\"><img loading=\"lazy\" class=\"alignnone size-full wp-image-1949\" title=\"4\" src=\"http:\/\/casariego-guerra.com\/wp-content\/uploads\/2011\/11\/4.jpg\" alt=\"\" width=\"945\" height=\"151\" srcset=\"https:\/\/casariego-guerra.com\/wp-content\/uploads\/2011\/11\/4.jpg 945w, https:\/\/casariego-guerra.com\/wp-content\/uploads\/2011\/11\/4-560x89.jpg 560w\" sizes=\"(max-width: 945px) 100vw, 945px\" \/><\/a><\/span><\/p>\n<p><span style=\"color: #808080;\">[alzado desplegado]<\/span><\/p>\n<p><span style=\"color: #808080;\"><a href=\"http:\/\/casariego-guerra.com\/?attachment_id=1950\" rel=\"attachment wp-att-1950\"><img loading=\"lazy\" class=\"alignnone size-full wp-image-1950\" title=\"5\" src=\"http:\/\/casariego-guerra.com\/wp-content\/uploads\/2011\/11\/5.jpg\" alt=\"\" width=\"945\" height=\"600\" srcset=\"https:\/\/casariego-guerra.com\/wp-content\/uploads\/2011\/11\/5.jpg 945w, https:\/\/casariego-guerra.com\/wp-content\/uploads\/2011\/11\/5-560x355.jpg 560w\" sizes=\"(max-width: 945px) 100vw, 945px\" \/><\/a><\/span><\/p>\n<p><span style=\"color: #808080;\">[levantamiento 3d]<\/span><\/p>\n<h6><span style=\"color: #000000;\">Equipo: CASARIEGO \/ GUERRA, arquitectos<\/span><\/h6>\n<h6><span style=\"color: #000000;\">Direcci\u00f3n: Joaqu\u00edn Casariego Ram\u00edrez, Arquitecto. Elsa Guerra Jim\u00e9nez, Arquitecta<\/span><\/h6>\n<h6><span style=\"color: #000000;\">Colaboradores: Noem\u00ed Tejera Mujica, Arquitecta.Rub\u00e9n P\u00e9rez Bautista, Arquitecto.Marta Cuy\u00e1s Morales, Arquitecta.<\/span><\/h6>\n<h6><span style=\"color: #000000;\">Promotor: Privado<\/span><\/h6>\n<h6><span style=\"color: #000000;\">Superficie total: 400,00 m2 \u2013 la vivienda ocupa 80,00 m2<\/span><\/h6>\n<h6><\/h6>\n","protected":false},"excerpt":{"rendered":"<p>[levantamiento 3d] [CASA RURAL PARA UN VETERINARIO]\u00a0 [2010] Proyecto: 2.010 (Anteproyecto) Situaci\u00f3n: La Dehesa \u2013 Santa M\u00aa de Gu\u00eda, Gran Canaria. [perspectiva del lugar] Se trata de una actuaci\u00f3n de rehabilitaci\u00f3n en un conjunto de dos piezas de arquitectura tradicional: alpende y pajar, incluidas en el Cat\u00e1logo Municipal Arquitect\u00f3nico y Etnogr\u00e1fico. Las piezas se sit\u00faan [&hellip;]<\/p>\n","protected":false},"author":2,"featured_media":0,"parent":5,"menu_order":0,"comment_status":"closed","ping_status":"closed","template":"","meta":[],"_links":{"self":[{"href":"https:\/\/casariego-guerra.com\/index.php?rest_route=\/wp\/v2\/pages\/773"}],"collection":[{"href":"https:\/\/casariego-guerra.com\/index.php?rest_route=\/wp\/v2\/pages"}],"about":[{"href":"https:\/\/casariego-guerra.com\/index.php?rest_route=\/wp\/v2\/types\/page"}],"author":[{"embeddable":true,"href":"https:\/\/casariego-guerra.com\/index.php?rest_route=\/wp\/v2\/users\/2"}],"replies":[{"embeddable":true,"href":"https:\/\/casariego-guerra.com\/index.php?rest_route=%2Fwp%2Fv2%2Fcomments&post=773"}],"version-history":[{"count":76,"href":"https:\/\/casariego-guerra.com\/index.php?rest_route=\/wp\/v2\/pages\/773\/revisions"}],"predecessor-version":[{"id":782,"href":"https:\/\/casariego-guerra.com\/index.php?rest_route=\/wp\/v2\/pages\/773\/revisions\/782"}],"up":[{"embeddable":true,"href":"https:\/\/casariego-guerra.com\/index.php?rest_route=\/wp\/v2\/pages\/5"}],"wp:attachment":[{"href":"https:\/\/casariego-guerra.com\/index.php?rest_route=%2Fwp%2Fv2%2Fmedia&parent=773"}],"curies":[{"name":"wp","href":"https:\/\/api.w.org\/{rel}","templated":true}]}}