{"id":826,"date":"2011-10-21T07:28:04","date_gmt":"2011-10-21T08:28:04","guid":{"rendered":"http:\/\/casariego-guerra.com\/blog\/?page_id=826"},"modified":"2012-11-14T09:20:41","modified_gmt":"2012-11-14T10:20:41","slug":"conjunto-woermann2002","status":"publish","type":"page","link":"https:\/\/casariego-guerra.com\/?page_id=826","title":{"rendered":"[Conjunto Plaza Woermann]  [2001]"},"content":{"rendered":"<p><a href=\"http:\/\/casariego-guerra.com\/?attachment_id=4038\" rel=\"attachment wp-att-4038\"><img loading=\"lazy\" class=\"alignleft size-full wp-image-4038\" title=\"1A.Planta Baja.oficinas,biblioteca,oficinas administracion local,locales comerciales\" src=\"http:\/\/casariego-guerra.com\/wp-content\/uploads\/2011\/10\/1.Planta-Baja.oficinasbibliotecaoficinas-administracion-locallocales-comerciales1.jpg\" alt=\"\" width=\"950\" height=\"338\" srcset=\"https:\/\/casariego-guerra.com\/wp-content\/uploads\/2011\/10\/1.Planta-Baja.oficinasbibliotecaoficinas-administracion-locallocales-comerciales1.jpg 950w, https:\/\/casariego-guerra.com\/wp-content\/uploads\/2011\/10\/1.Planta-Baja.oficinasbibliotecaoficinas-administracion-locallocales-comerciales1-560x199.jpg 560w\" sizes=\"(max-width: 950px) 100vw, 950px\" \/><\/a><\/p>\n<p><span style=\"color: #808080;\"> [planta baja_oficinas,biblioteca,oficinas administraci\u00f3n local,locales comerciales]<\/span><\/p>\n<p><span style=\"color: #000000;\">[CONCURSO DE DISE\u00d1O URBANO DEL CONJUNTO PLAZA WOERMANN, LAS PALMAS DE GRAN CANARIA] [2001]<\/span><\/p>\n<p><a href=\"http:\/\/casariego-guerra.com\/?attachment_id=4041\" rel=\"attachment wp-att-4041\"><img loading=\"lazy\" class=\"alignleft size-full wp-image-4041\" title=\"3A.Entreplanta y planta tipo oficinas\" src=\"http:\/\/casariego-guerra.com\/wp-content\/uploads\/2011\/10\/3.Entreplanta-y-planta-tipo-oficinas1.jpg\" alt=\"\" width=\"950\" height=\"336\" srcset=\"https:\/\/casariego-guerra.com\/wp-content\/uploads\/2011\/10\/3.Entreplanta-y-planta-tipo-oficinas1.jpg 950w, https:\/\/casariego-guerra.com\/wp-content\/uploads\/2011\/10\/3.Entreplanta-y-planta-tipo-oficinas1-560x198.jpg 560w\" sizes=\"(max-width: 950px) 100vw, 950px\" \/><\/a><span style=\"color: #808080;\">[entreplanta _ planta tipo oficinas]<\/span><\/p>\n<p><a href=\"http:\/\/casariego-guerra.com\/?attachment_id=4043\" rel=\"attachment wp-att-4043\"><img loading=\"lazy\" class=\"alignleft size-full wp-image-4043\" title=\"5A.Planta tipo y planta \u00e1tico1 oficinas\" src=\"http:\/\/casariego-guerra.com\/wp-content\/uploads\/2011\/10\/5.Planta-tipo-y-planta-\u00e1tico1-oficinas2.jpg\" alt=\"\" width=\"950\" height=\"244\" srcset=\"https:\/\/casariego-guerra.com\/wp-content\/uploads\/2011\/10\/5.Planta-tipo-y-planta-\u00e1tico1-oficinas2.jpg 950w, https:\/\/casariego-guerra.com\/wp-content\/uploads\/2011\/10\/5.Planta-tipo-y-planta-\u00e1tico1-oficinas2-560x143.jpg 560w\" sizes=\"(max-width: 950px) 100vw, 950px\" \/><\/a><\/p>\n<p><span style=\"color: #808080;\">[planta tipo _ planta \u00e1tico I oficinas]<\/span><\/p>\n<p><a href=\"http:\/\/casariego-guerra.com\/?attachment_id=3900\" rel=\"attachment wp-att-3900\"><img loading=\"lazy\" class=\"alignleft size-full wp-image-3900\" title=\"7.Planta tipo detalle\" src=\"http:\/\/casariego-guerra.com\/wp-content\/uploads\/2011\/10\/7.Planta-tipo-detalle.jpg\" alt=\"\" width=\"760\" height=\"600\" srcset=\"https:\/\/casariego-guerra.com\/wp-content\/uploads\/2011\/10\/7.Planta-tipo-detalle.jpg 760w, https:\/\/casariego-guerra.com\/wp-content\/uploads\/2011\/10\/7.Planta-tipo-detalle-560x442.jpg 560w\" sizes=\"(max-width: 760px) 100vw, 760px\" \/><\/a><\/p>\n<p><span style=\"color: #808080;\">[planta tipo vivienda]<\/span><\/p>\n<p><a href=\"http:\/\/casariego-guerra.com\/?attachment_id=3911\" rel=\"attachment wp-att-3911\"><img loading=\"lazy\" class=\"alignleft size-full wp-image-3911\" title=\"8.Secci\u00f3n alzado y planta tipo\" src=\"http:\/\/casariego-guerra.com\/wp-content\/uploads\/2011\/10\/8.Secci\u00f3n-alzado-y-planta-tipo.jpg\" alt=\"\" width=\"950\" height=\"514\" srcset=\"https:\/\/casariego-guerra.com\/wp-content\/uploads\/2011\/10\/8.Secci\u00f3n-alzado-y-planta-tipo.jpg 950w, https:\/\/casariego-guerra.com\/wp-content\/uploads\/2011\/10\/8.Secci\u00f3n-alzado-y-planta-tipo-560x302.jpg 560w\" sizes=\"(max-width: 950px) 100vw, 950px\" \/><\/a><span style=\"color: #808080;\">[secci\u00f3n alzado _ planta tipo de vivienda detalle]<\/span><\/p>\n<p><a href=\"http:\/\/casariego-guerra.com\/?attachment_id=3916\" rel=\"attachment wp-att-3916\"><img loading=\"lazy\" class=\"alignleft size-full wp-image-3916\" title=\"10.Alzado Este calle Eduardo Benot\" src=\"http:\/\/casariego-guerra.com\/wp-content\/uploads\/2011\/10\/10.Alzado-Este-calle-Eduardo-Benot.jpg\" alt=\"\" width=\"950\" height=\"600\" srcset=\"https:\/\/casariego-guerra.com\/wp-content\/uploads\/2011\/10\/10.Alzado-Este-calle-Eduardo-Benot.jpg 950w, https:\/\/casariego-guerra.com\/wp-content\/uploads\/2011\/10\/10.Alzado-Este-calle-Eduardo-Benot-560x353.jpg 560w\" sizes=\"(max-width: 950px) 100vw, 950px\" \/><\/a><\/p>\n<p><span style=\"color: #808080;\">[alzado Este calle Eduardo Benot]<\/span><\/p>\n<p><a href=\"http:\/\/casariego-guerra.com\/?attachment_id=3919\" rel=\"attachment wp-att-3919\"><img loading=\"lazy\" class=\"alignleft size-full wp-image-3919\" title=\"11.Secci\u00f3n program\u00e1tica\" src=\"http:\/\/casariego-guerra.com\/wp-content\/uploads\/2011\/10\/11.Secci\u00f3n-program\u00e1tica.jpg\" alt=\"\" width=\"950\" height=\"600\" srcset=\"https:\/\/casariego-guerra.com\/wp-content\/uploads\/2011\/10\/11.Secci\u00f3n-program\u00e1tica.jpg 950w, https:\/\/casariego-guerra.com\/wp-content\/uploads\/2011\/10\/11.Secci\u00f3n-program\u00e1tica-560x353.jpg 560w\" sizes=\"(max-width: 950px) 100vw, 950px\" \/><\/a><\/p>\n<p><span style=\"color: #808080;\">[secci\u00f3n program\u00e1tica]<\/span><\/p>\n<p><a href=\"http:\/\/casariego-guerra.com\/?attachment_id=3922\" rel=\"attachment wp-att-3922\"><img loading=\"lazy\" class=\"alignleft size-full wp-image-3922\" title=\"12.Detalle Secci\u00f3n. Infograf\u00eda\" src=\"http:\/\/casariego-guerra.com\/wp-content\/uploads\/2011\/10\/12.Detalle-Secci\u00f3n.-Infograf\u00eda.jpg\" alt=\"\" width=\"950\" height=\"425\" srcset=\"https:\/\/casariego-guerra.com\/wp-content\/uploads\/2011\/10\/12.Detalle-Secci\u00f3n.-Infograf\u00eda.jpg 950w, https:\/\/casariego-guerra.com\/wp-content\/uploads\/2011\/10\/12.Detalle-Secci\u00f3n.-Infograf\u00eda-560x250.jpg 560w\" sizes=\"(max-width: 950px) 100vw, 950px\" \/><\/a><\/p>\n<p><span style=\"color: #808080;\">[secci\u00f3n detalle _ infograf\u00eda]<\/span><\/p>\n<h6><span style=\"color: #000000;\">Equipos: CASARIEGO \/ GUERRA, arquitectos _ \u00c1BALOS Y HERREROS, arquitectos<\/span><\/h6>\n<p><a href=\"http:\/\/es.urbarama.com\/project\/woermann-tower\">http:\/\/es.urbarama.com\/project\/woermann-tower<\/a><\/p>\n<p>&nbsp;<\/p>\n","protected":false},"excerpt":{"rendered":"<p>[planta baja_oficinas,biblioteca,oficinas administraci\u00f3n local,locales comerciales] [CONCURSO DE DISE\u00d1O URBANO DEL CONJUNTO PLAZA WOERMANN, LAS PALMAS DE GRAN CANARIA] [2001] [entreplanta _ planta tipo oficinas] [planta tipo _ planta \u00e1tico I oficinas] [planta tipo vivienda] [secci\u00f3n alzado _ planta tipo de vivienda detalle] [alzado Este calle Eduardo Benot] [secci\u00f3n program\u00e1tica] [secci\u00f3n detalle _ infograf\u00eda] Equipos: CASARIEGO [&hellip;]<\/p>\n","protected":false},"author":2,"featured_media":0,"parent":5,"menu_order":0,"comment_status":"closed","ping_status":"closed","template":"","meta":[],"_links":{"self":[{"href":"https:\/\/casariego-guerra.com\/index.php?rest_route=\/wp\/v2\/pages\/826"}],"collection":[{"href":"https:\/\/casariego-guerra.com\/index.php?rest_route=\/wp\/v2\/pages"}],"about":[{"href":"https:\/\/casariego-guerra.com\/index.php?rest_route=\/wp\/v2\/types\/page"}],"author":[{"embeddable":true,"href":"https:\/\/casariego-guerra.com\/index.php?rest_route=\/wp\/v2\/users\/2"}],"replies":[{"embeddable":true,"href":"https:\/\/casariego-guerra.com\/index.php?rest_route=%2Fwp%2Fv2%2Fcomments&post=826"}],"version-history":[{"count":73,"href":"https:\/\/casariego-guerra.com\/index.php?rest_route=\/wp\/v2\/pages\/826\/revisions"}],"predecessor-version":[{"id":3878,"href":"https:\/\/casariego-guerra.com\/index.php?rest_route=\/wp\/v2\/pages\/826\/revisions\/3878"}],"up":[{"embeddable":true,"href":"https:\/\/casariego-guerra.com\/index.php?rest_route=\/wp\/v2\/pages\/5"}],"wp:attachment":[{"href":"https:\/\/casariego-guerra.com\/index.php?rest_route=%2Fwp%2Fv2%2Fmedia&parent=826"}],"curies":[{"name":"wp","href":"https:\/\/api.w.org\/{rel}","templated":true}]}}