{"id":836,"date":"2011-10-21T07:31:42","date_gmt":"2011-10-21T08:31:42","guid":{"rendered":"http:\/\/casariego-guerra.com\/blog\/?page_id=836"},"modified":"2012-11-14T09:22:48","modified_gmt":"2012-11-14T10:22:48","slug":"edificios-kentia-y-cyca2001-02","status":"publish","type":"page","link":"https:\/\/casariego-guerra.com\/?page_id=836","title":{"rendered":"[Edificios Kentia y Cyca]  [2001-02]"},"content":{"rendered":"<p><a href=\"http:\/\/casariego-guerra.com\/?attachment_id=4085\" rel=\"attachment wp-att-4085\"><img loading=\"lazy\" class=\"alignleft size-full wp-image-4085\" title=\"1.Kentia planta e im\u00e1genes\" src=\"http:\/\/casariego-guerra.com\/wp-content\/uploads\/2011\/10\/4.Kentia-planta-e-im\u00e1genes.jpg\" alt=\"\" width=\"794\" height=\"589\" srcset=\"https:\/\/casariego-guerra.com\/wp-content\/uploads\/2011\/10\/4.Kentia-planta-e-im\u00e1genes.jpg 794w, https:\/\/casariego-guerra.com\/wp-content\/uploads\/2011\/10\/4.Kentia-planta-e-im\u00e1genes-560x415.jpg 560w\" sizes=\"(max-width: 794px) 100vw, 794px\" \/><\/a><\/p>\n<p><span style=\"color: #808080;\">[planta e im\u00e1genes edificio Kentia]<\/span><\/p>\n<h3><span style=\"color: #000000;\">[EDIFICIOS KENTIA Y CYCA, GRAN CANARIA] [2001-2002]<\/span><\/h3>\n<p><a href=\"http:\/\/casariego-guerra.com\/?attachment_id=4094\" rel=\"attachment wp-att-4094\"><img loading=\"lazy\" class=\"alignleft size-full wp-image-4094\" title=\"4.Kentia secci\u00f3n e im\u00e1genes\" src=\"http:\/\/casariego-guerra.com\/wp-content\/uploads\/2011\/10\/4.Kentia-secci\u00f3n-e-im\u00e1genes.jpg\" alt=\"\" width=\"782\" height=\"577\" srcset=\"https:\/\/casariego-guerra.com\/wp-content\/uploads\/2011\/10\/4.Kentia-secci\u00f3n-e-im\u00e1genes.jpg 782w, https:\/\/casariego-guerra.com\/wp-content\/uploads\/2011\/10\/4.Kentia-secci\u00f3n-e-im\u00e1genes-560x413.jpg 560w\" sizes=\"(max-width: 782px) 100vw, 782px\" \/><\/a><\/p>\n<p><span style=\"color: #808080;\">[secci\u00f3n e im\u00e1genes edificio Kentia]<\/span><\/p>\n<p><a href=\"http:\/\/casariego-guerra.com\/?attachment_id=4083\" rel=\"attachment wp-att-4083\"><img loading=\"lazy\" class=\"alignleft size-full wp-image-4083\" title=\"1.Cyca plantas\" src=\"http:\/\/casariego-guerra.com\/wp-content\/uploads\/2011\/10\/1.Cyca-plantas1.jpg\" alt=\"\" width=\"762\" height=\"346\" srcset=\"https:\/\/casariego-guerra.com\/wp-content\/uploads\/2011\/10\/1.Cyca-plantas1.jpg 762w, https:\/\/casariego-guerra.com\/wp-content\/uploads\/2011\/10\/1.Cyca-plantas1-560x254.jpg 560w\" sizes=\"(max-width: 762px) 100vw, 762px\" \/><\/a><\/p>\n<p><span style=\"color: #808080;\">[plantas edificio Cyca]<\/span><\/p>\n<p>&nbsp;<\/p>\n<p><a href=\"http:\/\/casariego-guerra.com\/?attachment_id=4104\" rel=\"attachment wp-att-4104\"><img loading=\"lazy\" class=\"alignleft size-full wp-image-4104\" title=\"2.Cyca alzado\" src=\"http:\/\/casariego-guerra.com\/wp-content\/uploads\/2011\/10\/2.Cyca-alzado.jpg\" alt=\"\" width=\"733\" height=\"432\" srcset=\"https:\/\/casariego-guerra.com\/wp-content\/uploads\/2011\/10\/2.Cyca-alzado.jpg 733w, https:\/\/casariego-guerra.com\/wp-content\/uploads\/2011\/10\/2.Cyca-alzado-560x330.jpg 560w\" sizes=\"(max-width: 733px) 100vw, 733px\" \/><\/a><span style=\"color: #808080;\">[alzado edificio Cyca]<\/span><\/p>\n","protected":false},"excerpt":{"rendered":"<p>[planta e im\u00e1genes edificio Kentia] [EDIFICIOS KENTIA Y CYCA, GRAN CANARIA] [2001-2002] [secci\u00f3n e im\u00e1genes edificio Kentia] [plantas edificio Cyca] &nbsp; [alzado edificio Cyca]<\/p>\n","protected":false},"author":2,"featured_media":0,"parent":5,"menu_order":0,"comment_status":"closed","ping_status":"closed","template":"","meta":[],"_links":{"self":[{"href":"https:\/\/casariego-guerra.com\/index.php?rest_route=\/wp\/v2\/pages\/836"}],"collection":[{"href":"https:\/\/casariego-guerra.com\/index.php?rest_route=\/wp\/v2\/pages"}],"about":[{"href":"https:\/\/casariego-guerra.com\/index.php?rest_route=\/wp\/v2\/types\/page"}],"author":[{"embeddable":true,"href":"https:\/\/casariego-guerra.com\/index.php?rest_route=\/wp\/v2\/users\/2"}],"replies":[{"embeddable":true,"href":"https:\/\/casariego-guerra.com\/index.php?rest_route=%2Fwp%2Fv2%2Fcomments&post=836"}],"version-history":[{"count":25,"href":"https:\/\/casariego-guerra.com\/index.php?rest_route=\/wp\/v2\/pages\/836\/revisions"}],"predecessor-version":[{"id":4084,"href":"https:\/\/casariego-guerra.com\/index.php?rest_route=\/wp\/v2\/pages\/836\/revisions\/4084"}],"up":[{"embeddable":true,"href":"https:\/\/casariego-guerra.com\/index.php?rest_route=\/wp\/v2\/pages\/5"}],"wp:attachment":[{"href":"https:\/\/casariego-guerra.com\/index.php?rest_route=%2Fwp%2Fv2%2Fmedia&parent=836"}],"curies":[{"name":"wp","href":"https:\/\/api.w.org\/{rel}","templated":true}]}}