{"id":916,"date":"2011-10-21T08:54:44","date_gmt":"2011-10-21T09:54:44","guid":{"rendered":"http:\/\/casariego-guerra.com\/blog\/?page_id=916"},"modified":"2012-11-19T09:47:05","modified_gmt":"2012-11-19T10:47:05","slug":"parque-insular-2008","status":"publish","type":"page","link":"https:\/\/casariego-guerra.com\/?page_id=916","title":{"rendered":"[Parque Insular]  [2008]"},"content":{"rendered":"<p><a href=\"http:\/\/casariego-guerra.com\/?attachment_id=2338\" rel=\"attachment wp-att-2338\"><img loading=\"lazy\" class=\"alignnone size-full wp-image-2338\" title=\"Pages.DU.ParqueInsular 01\" src=\"http:\/\/casariego-guerra.com\/wp-content\/uploads\/2011\/10\/imgmarta930.jpg\" alt=\"\" width=\"950\" height=\"394\" srcset=\"https:\/\/casariego-guerra.com\/wp-content\/uploads\/2011\/10\/imgmarta930.jpg 950w, https:\/\/casariego-guerra.com\/wp-content\/uploads\/2011\/10\/imgmarta930-560x232.jpg 560w\" sizes=\"(max-width: 950px) 100vw, 950px\" \/><\/a><\/p>\n<p>[perspectiva desde el acceso a la Plaza y gradas de Tribuna]<\/p>\n<h3><span style=\"color: #000000;\">[CONCURSO DE REMODELACI\u00d3N COMO PARQUE URBANO DEL ESTADIO INSULAR] \u00a0[2009]<\/span><\/h3>\n<h6><span style=\"color: #000000;\">Concurso: 1\u00ba PREMIO<\/span><\/h6>\n<h6><span style=\"color: #000000;\">Equipo: CASARIEGO \/ GUERRA, arquitectos<\/span><\/h6>\n<h6><\/h6>\n<p><a href=\"http:\/\/casariego-guerra.com\/?attachment_id=2341\" rel=\"attachment wp-att-2341\"><img loading=\"lazy\" class=\"alignnone size-full wp-image-2341\" title=\"Pages.DU.Parque Insular 02\" src=\"http:\/\/casariego-guerra.com\/wp-content\/uploads\/2011\/10\/planta.jpg\" alt=\"\" width=\"950\" height=\"812\" srcset=\"https:\/\/casariego-guerra.com\/wp-content\/uploads\/2011\/10\/planta.jpg 950w, https:\/\/casariego-guerra.com\/wp-content\/uploads\/2011\/10\/planta-560x478.jpg 560w\" sizes=\"(max-width: 950px) 100vw, 950px\" \/><\/a><\/p>\n<p><span style=\"color: #808080;\">[planta general]<\/span><\/p>\n<p><span style=\"color: #000000;\">La actividad del Parque viene dada por la doble escala de su \u00e1mbito. Por un lado permite la celebraci\u00f3n en paralelo de funciones diversas, soportadas sobre los escenarios secundarios entre taludes verdes, adem\u00e1s de las que pueden albergarse en las placitas, \u00e1reas de juego de ni\u00f1os y zonas deportivas. Y por otro, grandes eventos al aire libre, donde el Parque act\u00faa como un \u00e1mbito unitario a modo de anfiteatro, combinando grader\u00edos tradicionales y taludes verdes arbolados, volcados hacia el escenario principal que corona la \u201cPlaza de Tribuna\u201d.<\/span><\/p>\n<p><a href=\"http:\/\/casariego-guerra.com\/?attachment_id=2343\" rel=\"attachment wp-att-2343\"><img loading=\"lazy\" class=\"alignnone size-full wp-image-2343\" title=\"Pages.DU.Parque Insular 03\" src=\"http:\/\/casariego-guerra.com\/wp-content\/uploads\/2011\/10\/secc-dia-1.jpg\" alt=\"\" width=\"950\" height=\"166\" srcset=\"https:\/\/casariego-guerra.com\/wp-content\/uploads\/2011\/10\/secc-dia-1.jpg 950w, https:\/\/casariego-guerra.com\/wp-content\/uploads\/2011\/10\/secc-dia-1-560x97.jpg 560w\" sizes=\"(max-width: 950px) 100vw, 950px\" \/><\/a><\/p>\n<p><span style=\"color: #808080;\">[secci\u00f3n transversal hacia la costa &#8211; d\u00eda]<\/span><\/p>\n<p><a href=\"http:\/\/casariego-guerra.com\/?attachment_id=2339\" rel=\"attachment wp-att-2339\"><img loading=\"lazy\" class=\"alignnone size-full wp-image-2339\" title=\"Pages.DU.Parque Insular 04\" src=\"http:\/\/casariego-guerra.com\/wp-content\/uploads\/2011\/10\/Panel-1B-bb.jpg\" alt=\"\" width=\"950\" height=\"169\" srcset=\"https:\/\/casariego-guerra.com\/wp-content\/uploads\/2011\/10\/Panel-1B-bb.jpg 950w, https:\/\/casariego-guerra.com\/wp-content\/uploads\/2011\/10\/Panel-1B-bb-560x99.jpg 560w\" sizes=\"(max-width: 950px) 100vw, 950px\" \/><\/a><\/p>\n<p><span style=\"color: #808080;\">[secci\u00f3n longitudinal desde Paseo de Chil hasta P\u00edo XII]<\/span><\/p>\n<p><span style=\"color: #000000;\">Ahora bien, para que un parque de estas dimensiones constituya realmente un punto de encuentro singular, precisa contar con dotaciones de diferente magnitud y car\u00e1cter. En este sentido, se propone un programa dotacional amplio, que incluye servicios propios del Parque, zona deportiva, dotaciones socio-culturales, aparcamiento subterr\u00e1neo, y sobre todo el Centro UD, donde se combina un Centro Asistencial, con Area Comercial y de Restauraci\u00f3n y equipamiento cultural vinculado a las Asociaciones Deportivas de la Isla de Gran Canaria.<\/span><\/p>\n<p><a href=\"http:\/\/casariego-guerra.com\/?attachment_id=2340\" rel=\"attachment wp-att-2340\"><img loading=\"lazy\" class=\"alignnone size-full wp-image-2340\" title=\"Pages.DU.Parque Insular 05\" src=\"http:\/\/casariego-guerra.com\/wp-content\/uploads\/2011\/10\/Panel-1B-cc.jpg\" alt=\"\" width=\"950\" height=\"702\" srcset=\"https:\/\/casariego-guerra.com\/wp-content\/uploads\/2011\/10\/Panel-1B-cc.jpg 950w, https:\/\/casariego-guerra.com\/wp-content\/uploads\/2011\/10\/Panel-1B-cc-560x413.jpg 560w\" sizes=\"(max-width: 950px) 100vw, 950px\" \/><\/a><\/p>\n<p><span style=\"color: #808080;\">[dotaciones: plantas tipo a diversos niveles]<\/span><\/p>\n<p><a href=\"http:\/\/casariego-guerra.com\/?attachment_id=2337\" rel=\"attachment wp-att-2337\"><img loading=\"lazy\" class=\"alignnone size-full wp-image-2337\" title=\"Pages.DU.Parque Insular 06\" src=\"http:\/\/casariego-guerra.com\/wp-content\/uploads\/2011\/10\/dos-escenas-noche.jpg\" alt=\"\" width=\"950\" height=\"335\" srcset=\"https:\/\/casariego-guerra.com\/wp-content\/uploads\/2011\/10\/dos-escenas-noche.jpg 950w, https:\/\/casariego-guerra.com\/wp-content\/uploads\/2011\/10\/dos-escenas-noche-560x197.jpg 560w\" sizes=\"(max-width: 950px) 100vw, 950px\" \/><\/a><\/p>\n<p><span style=\"color: #808080;\">[escenas nocturnas del Parque Insular: deporte, m\u00fasica, teatro,&#8230;]<\/span><\/p>\n<h6><span style=\"color: #000000;\">Equipo: CASARIEGO\/GUERRA arquitectos<\/span><\/h6>\n<h6><span style=\"color: #000000;\">Direcci\u00f3n: Joaqu\u00edn Casariego Ram\u00edrez, Arquitecto y Elsa Guerra Jim\u00e9nez, Arquitecta. Coordinaci\u00f3n: Rub\u00e9n P\u00e9rez Bautista y Noem\u00ed Tejera Mujica, Arquitectos; Colaboradores: Alejandro Mor\u00e1n Hurtado, Marta Cuy\u00e1s Morales y Silvia Guajardo de la Rosa, Arquitectos. Dibujo y Administraci\u00f3n: Carmelo Garc\u00eda Rodr\u00edguez, Juan Manuel Rivero Su\u00e1rez y Den\u00e9bola Acosta Y\u00e1\u00f1ez.<\/span><\/h6>\n<h6><span style=\"color: #000000;\">Promotor: Cabildo de Gran Canaria y Ayuntamiento de Las Palmas de Gran Canaria.<\/span><\/h6>\n","protected":false},"excerpt":{"rendered":"<p>[perspectiva desde el acceso a la Plaza y gradas de Tribuna] [CONCURSO DE REMODELACI\u00d3N COMO PARQUE URBANO DEL ESTADIO INSULAR] \u00a0[2009] Concurso: 1\u00ba PREMIO Equipo: CASARIEGO \/ GUERRA, arquitectos [planta general] La actividad del Parque viene dada por la doble escala de su \u00e1mbito. Por un lado permite la celebraci\u00f3n en paralelo de funciones diversas, [&hellip;]<\/p>\n","protected":false},"author":2,"featured_media":0,"parent":9,"menu_order":0,"comment_status":"closed","ping_status":"closed","template":"","meta":[],"_links":{"self":[{"href":"https:\/\/casariego-guerra.com\/index.php?rest_route=\/wp\/v2\/pages\/916"}],"collection":[{"href":"https:\/\/casariego-guerra.com\/index.php?rest_route=\/wp\/v2\/pages"}],"about":[{"href":"https:\/\/casariego-guerra.com\/index.php?rest_route=\/wp\/v2\/types\/page"}],"author":[{"embeddable":true,"href":"https:\/\/casariego-guerra.com\/index.php?rest_route=\/wp\/v2\/users\/2"}],"replies":[{"embeddable":true,"href":"https:\/\/casariego-guerra.com\/index.php?rest_route=%2Fwp%2Fv2%2Fcomments&post=916"}],"version-history":[{"count":37,"href":"https:\/\/casariego-guerra.com\/index.php?rest_route=\/wp\/v2\/pages\/916\/revisions"}],"predecessor-version":[{"id":4476,"href":"https:\/\/casariego-guerra.com\/index.php?rest_route=\/wp\/v2\/pages\/916\/revisions\/4476"}],"up":[{"embeddable":true,"href":"https:\/\/casariego-guerra.com\/index.php?rest_route=\/wp\/v2\/pages\/9"}],"wp:attachment":[{"href":"https:\/\/casariego-guerra.com\/index.php?rest_route=%2Fwp%2Fv2%2Fmedia&parent=916"}],"curies":[{"name":"wp","href":"https:\/\/api.w.org\/{rel}","templated":true}]}}