{"id":918,"date":"2011-10-21T08:55:21","date_gmt":"2011-10-21T09:55:21","guid":{"rendered":"http:\/\/casariego-guerra.com\/blog\/?page_id=918"},"modified":"2012-11-19T09:49:26","modified_gmt":"2012-11-19T10:49:26","slug":"nueva-area-urbana-de-thu-thiem-2008","status":"publish","type":"page","link":"https:\/\/casariego-guerra.com\/?page_id=918","title":{"rendered":"[Parque, Plaza y Puente en Thu Thiem]  [2008]"},"content":{"rendered":"<p><a href=\"http:\/\/casariego-guerra.com\/?attachment_id=2374\" rel=\"attachment wp-att-2374\"><img loading=\"lazy\" class=\"alignnone size-full wp-image-2374\" title=\"Pages.DU.Vietnam 01\" src=\"http:\/\/casariego-guerra.com\/wp-content\/uploads\/2011\/10\/1-web.jpg\" alt=\"\" width=\"950\" height=\"589\" srcset=\"https:\/\/casariego-guerra.com\/wp-content\/uploads\/2011\/10\/1-web.jpg 950w, https:\/\/casariego-guerra.com\/wp-content\/uploads\/2011\/10\/1-web-560x347.jpg 560w\" sizes=\"(max-width: 950px) 100vw, 950px\" \/><\/a><\/p>\n<p><span style=\"color: #808080;\">[perspectiva general del parque de borde del r\u00edo Saig\u00f3n]<\/span><\/p>\n<h3><span style=\"color: #000000;\">[CONCURSO DE DISE\u00d1O URBANO DE LA PLAZA CENTRAL,\u00a0EL PARQUE Y EL\u00a0PUENTE PEATONAL SOBRE EL RIO SAIGON, THU THIEM] \u00a0[2008]<\/span><\/h3>\n<h6><span style=\"color: #000000;\">Concurso: Finalistas<\/span><\/h6>\n<h6><span style=\"color: #000000;\">Situaci\u00f3n: Thu Thiem, Ho Chi Minh City, Vietnam<\/span><\/h6>\n<p><a href=\"http:\/\/casariego-guerra.com\/?attachment_id=2375\" rel=\"attachment wp-att-2375\"><img loading=\"lazy\" class=\"alignnone size-full wp-image-2375\" title=\"Pages.DU.Vietnam 02\" src=\"http:\/\/casariego-guerra.com\/wp-content\/uploads\/2011\/10\/2-web.jpg\" alt=\"\" width=\"950\" height=\"316\" srcset=\"https:\/\/casariego-guerra.com\/wp-content\/uploads\/2011\/10\/2-web.jpg 950w, https:\/\/casariego-guerra.com\/wp-content\/uploads\/2011\/10\/2-web-560x186.jpg 560w\" sizes=\"(max-width: 950px) 100vw, 950px\" \/><\/a><\/p>\n<p><span style=\"color: #808080;\">[secci\u00f3n tipo del parque de borde fluvial &#8211; las piezas de equipamiento contienen diversos dispositivos dirigidos al aprovechamiento de los recursos naturales para la generaci\u00f3n energ\u00e9tica]<\/span><\/p>\n<p><span style=\"color: #000000;\">El prop\u00f3sito del concurso era la resoluci\u00f3n de una extensa \u00e1rea libre que se encuentra enclavada en Thu Thiem, el nuevo centro financiero de la ciudad de Ho Chi Minh, al otro lado del r\u00edo Saig\u00f3n. Las propuestas incluyen una gran plaza p\u00fablica, en la que se incluye un intercambiador de transportes bajo rasante, un parque de borde fluvial y el puente peatonal de conexi\u00f3n con el centro urbano tradicional.<\/span><\/p>\n<p><span style=\"color: #808080;\"><a href=\"http:\/\/casariego-guerra.com\/?attachment_id=2376\" rel=\"attachment wp-att-2376\"><img loading=\"lazy\" class=\"alignnone size-full wp-image-2376\" title=\"Pages.DU.Vietnam 03\" src=\"http:\/\/casariego-guerra.com\/wp-content\/uploads\/2011\/10\/3-web.jpg\" alt=\"\" width=\"950\" height=\"262\" srcset=\"https:\/\/casariego-guerra.com\/wp-content\/uploads\/2011\/10\/3-web.jpg 950w, https:\/\/casariego-guerra.com\/wp-content\/uploads\/2011\/10\/3-web-560x154.jpg 560w\" sizes=\"(max-width: 950px) 100vw, 950px\" \/><\/a><\/span><\/p>\n<p><span style=\"color: #808080;\">[esquema &#8211; diagrama de derivaci\u00f3n del dise\u00f1o de \u00e1reas de sombra a partir del sombrero t\u00edpico vietnamita]<\/span><\/p>\n<p><span style=\"color: #000000;\">La propuesta parte de los siguientes criterios generales: La funci\u00f3n de anclaje de este conjunto de espacios libres y la importancia de contribuir a una movilidad fluida;<\/span><\/p>\n<p><span style=\"color: #808080;\"><a href=\"http:\/\/casariego-guerra.com\/?attachment_id=2377\" rel=\"attachment wp-att-2377\"><img loading=\"lazy\" class=\"alignnone size-full wp-image-2377\" title=\"Pages.DU.Vietnam 04\" src=\"http:\/\/casariego-guerra.com\/wp-content\/uploads\/2011\/10\/4-web.jpg\" alt=\"\" width=\"950\" height=\"598\" srcset=\"https:\/\/casariego-guerra.com\/wp-content\/uploads\/2011\/10\/4-web.jpg 950w, https:\/\/casariego-guerra.com\/wp-content\/uploads\/2011\/10\/4-web-560x352.jpg 560w\" sizes=\"(max-width: 950px) 100vw, 950px\" \/><\/a><\/span><\/p>\n<p><span style=\"color: #808080;\">[vista interior del parque &#8211; fotomontaje y esquemas generales del planteamiento sostenible del conjunto]<\/span><\/p>\n<p><span style=\"color: #000000;\">Su car\u00e1cter central que deber\u00e1 traducirse en: promoci\u00f3n de sus funciones nodales, capacidad congregatoria y expresi\u00f3n de valores simb\u00f3licos;<\/span><\/p>\n<p><a href=\"http:\/\/casariego-guerra.com\/?attachment_id=2378\" rel=\"attachment wp-att-2378\"><img loading=\"lazy\" class=\"alignnone size-full wp-image-2378\" title=\"Pages.DU.Vietnam 05\" src=\"http:\/\/casariego-guerra.com\/wp-content\/uploads\/2011\/10\/5-0-web.jpg\" alt=\"\" width=\"950\" height=\"443\" srcset=\"https:\/\/casariego-guerra.com\/wp-content\/uploads\/2011\/10\/5-0-web.jpg 950w, https:\/\/casariego-guerra.com\/wp-content\/uploads\/2011\/10\/5-0-web-560x261.jpg 560w\" sizes=\"(max-width: 950px) 100vw, 950px\" \/><\/a><\/p>\n<p><span style=\"color: #808080;\">[seccion transversal de la plaza con el acceso a la estaci\u00f3n del metro]<\/span><\/p>\n<p><a href=\"http:\/\/casariego-guerra.com\/?attachment_id=2379\" rel=\"attachment wp-att-2379\"><img loading=\"lazy\" class=\"alignnone size-full wp-image-2379\" title=\"Pages.DU.Vietnam 051\" src=\"http:\/\/casariego-guerra.com\/wp-content\/uploads\/2011\/10\/5-1-web.jpg\" alt=\"\" width=\"950\" height=\"437\" srcset=\"https:\/\/casariego-guerra.com\/wp-content\/uploads\/2011\/10\/5-1-web.jpg 950w, https:\/\/casariego-guerra.com\/wp-content\/uploads\/2011\/10\/5-1-web-560x257.jpg 560w\" sizes=\"(max-width: 950px) 100vw, 950px\" \/><\/a><\/p>\n<p><span style=\"color: #808080;\">[vista interior de la estaci\u00f3n de metro &#8211; plataforma]<\/span><\/p>\n<p><span style=\"color: #000000;\">La considerable dimensi\u00f3n del \u00e1rea de proyecto hacen que deba contener en su interior espacios de ruptura y piezas complementarias, que ofrezcan definiciones espaciales a diferentes escalas;<\/span><\/p>\n<p><a href=\"http:\/\/casariego-guerra.com\/?attachment_id=2381\" rel=\"attachment wp-att-2381\"><img loading=\"lazy\" class=\"alignnone size-full wp-image-2381\" title=\"Pages.DU.Vietnam 07\" src=\"http:\/\/casariego-guerra.com\/wp-content\/uploads\/2011\/10\/7-web.jpg\" alt=\"\" width=\"950\" height=\"604\" srcset=\"https:\/\/casariego-guerra.com\/wp-content\/uploads\/2011\/10\/7-web.jpg 950w, https:\/\/casariego-guerra.com\/wp-content\/uploads\/2011\/10\/7-web-560x356.jpg 560w\" sizes=\"(max-width: 950px) 100vw, 950px\" \/><\/a><\/p>\n<p><span style=\"color: #808080;\">[vista interior del puente peatonal sobre el r\u00edo Saig\u00f3n propuesto]<\/span><\/p>\n<p><span style=\"color: #000000;\">La propuesta aprovecha las condiciones de proporcionalidad, direccionalidad y simetr\u00eda predefinidas en la ordenaci\u00f3n del \u00e1rea, pero procurando deshacerse de su rigidez para la generaci\u00f3n de espacios m\u00e1s ricos y complejos;<\/span><\/p>\n<p><a href=\"http:\/\/casariego-guerra.com\/?attachment_id=2382\" rel=\"attachment wp-att-2382\"><img loading=\"lazy\" class=\"alignnone size-full wp-image-2382\" title=\"Pages.DU.Vietnam 08\" src=\"http:\/\/casariego-guerra.com\/wp-content\/uploads\/2011\/10\/8-web.jpg\" alt=\"\" width=\"950\" height=\"713\" srcset=\"https:\/\/casariego-guerra.com\/wp-content\/uploads\/2011\/10\/8-web.jpg 950w, https:\/\/casariego-guerra.com\/wp-content\/uploads\/2011\/10\/8-web-560x420.jpg 560w\" sizes=\"(max-width: 950px) 100vw, 950px\" \/><\/a><\/p>\n<p><a href=\"http:\/\/casariego-guerra.com\/?attachment_id=2383\" rel=\"attachment wp-att-2383\"><img loading=\"lazy\" class=\"alignnone size-full wp-image-2383\" title=\"Pages.DU.Vietnam 09\" src=\"http:\/\/casariego-guerra.com\/wp-content\/uploads\/2011\/10\/9-web.jpg\" alt=\"\" width=\"950\" height=\"713\" srcset=\"https:\/\/casariego-guerra.com\/wp-content\/uploads\/2011\/10\/9-web.jpg 950w, https:\/\/casariego-guerra.com\/wp-content\/uploads\/2011\/10\/9-web-560x420.jpg 560w\" sizes=\"(max-width: 950px) 100vw, 950px\" \/><\/a><\/p>\n<p><span style=\"color: #808080;\">[vistas de detalle y\u00a0general de maqueta parcial de la propuesta; pueden apreciarse el puente peatonal de conexi\u00f3n con el centro urbano tradicional, la plaza central y parte del parque de borde del r\u00edo]<\/span><\/p>\n<p><span style=\"color: #000000;\">Se atender\u00e1 particularmente a la definici\u00f3n de los bordes en su acuerdo con las condiciones de la edificaci\u00f3n colindante ya dispuestas previamente; y por \u00faltimo, La propia definici\u00f3n de los espacios divididos en tres partes, Central Plaza, Crescent Park y Bridge, connotan mucho su organizaci\u00f3n interna, y \u00e9sta viene muy condicionada por la localizaci\u00f3n de las tres infraestructuras b\u00e1sicas: la Estaci\u00f3n de Metro, los embarcaderos de ferries y water-taxis, y los aparcamientos subterr\u00e1neos.<\/span><\/p>\n<p><span style=\"color: #000000;\"><a href=\"http:\/\/casariego-guerra.com\/?attachment_id=2373\" rel=\"attachment wp-att-2373\"><img loading=\"lazy\" class=\"alignnone size-full wp-image-2373\" title=\"Pages.DU.Vietnam 10\" src=\"http:\/\/casariego-guerra.com\/wp-content\/uploads\/2011\/10\/10-web.jpg\" alt=\"\" width=\"950\" height=\"496\" srcset=\"https:\/\/casariego-guerra.com\/wp-content\/uploads\/2011\/10\/10-web.jpg 950w, https:\/\/casariego-guerra.com\/wp-content\/uploads\/2011\/10\/10-web-560x292.jpg 560w\" sizes=\"(max-width: 950px) 100vw, 950px\" \/><\/a><\/span><\/p>\n<p><span style=\"color: #808080;\">[perspectiva general de la propuesta &#8211; visi\u00f3n nocturna]<\/span><\/p>\n<h6><span style=\"color: #000000;\">Equipo: CASARIEGO \/ GUERRA, arquitectos<\/span><\/h6>\n<h6><\/h6>\n<h6><span style=\"color: #000000;\">Direcci\u00f3n: Joaqu\u00edn Casariego Ram\u00edrez, Arquitecto y Elsa Guerra Jim\u00e9nez, Arquitecta. Colaboradores: Rub\u00e9n P\u00e9rez Bautista, Noem\u00ed Tejera Mujica, Alejandro Mor\u00e1n Hurtado y Silvia Guajardo de la Rosa, Arquitectos, con Yurena Morales Moreno (estudiante en pr\u00e1cticas). Dibujo y Administraci\u00f3n: Carmelo Garc\u00eda Rodr\u00edguez, Juan Manuel Rivero Su\u00e1rez y Den\u00e9bola Acosta Y\u00e1\u00f1ez.<\/span><\/h6>\n<h6><\/h6>\n<h6><span style=\"color: #000000;\">Promotor: Ho Chi Minh Commitee.<\/span><\/h6>\n","protected":false},"excerpt":{"rendered":"<p>[perspectiva general del parque de borde del r\u00edo Saig\u00f3n] [CONCURSO DE DISE\u00d1O URBANO DE LA PLAZA CENTRAL,\u00a0EL PARQUE Y EL\u00a0PUENTE PEATONAL SOBRE EL RIO SAIGON, THU THIEM] \u00a0[2008] Concurso: Finalistas Situaci\u00f3n: Thu Thiem, Ho Chi Minh City, Vietnam [secci\u00f3n tipo del parque de borde fluvial &#8211; las piezas de equipamiento contienen diversos dispositivos dirigidos al [&hellip;]<\/p>\n","protected":false},"author":2,"featured_media":0,"parent":9,"menu_order":0,"comment_status":"closed","ping_status":"closed","template":"","meta":[],"_links":{"self":[{"href":"https:\/\/casariego-guerra.com\/index.php?rest_route=\/wp\/v2\/pages\/918"}],"collection":[{"href":"https:\/\/casariego-guerra.com\/index.php?rest_route=\/wp\/v2\/pages"}],"about":[{"href":"https:\/\/casariego-guerra.com\/index.php?rest_route=\/wp\/v2\/types\/page"}],"author":[{"embeddable":true,"href":"https:\/\/casariego-guerra.com\/index.php?rest_route=\/wp\/v2\/users\/2"}],"replies":[{"embeddable":true,"href":"https:\/\/casariego-guerra.com\/index.php?rest_route=%2Fwp%2Fv2%2Fcomments&post=918"}],"version-history":[{"count":34,"href":"https:\/\/casariego-guerra.com\/index.php?rest_route=\/wp\/v2\/pages\/918\/revisions"}],"predecessor-version":[{"id":2372,"href":"https:\/\/casariego-guerra.com\/index.php?rest_route=\/wp\/v2\/pages\/918\/revisions\/2372"}],"up":[{"embeddable":true,"href":"https:\/\/casariego-guerra.com\/index.php?rest_route=\/wp\/v2\/pages\/9"}],"wp:attachment":[{"href":"https:\/\/casariego-guerra.com\/index.php?rest_route=%2Fwp%2Fv2%2Fmedia&parent=918"}],"curies":[{"name":"wp","href":"https:\/\/api.w.org\/{rel}","templated":true}]}}