{"id":926,"date":"2011-10-21T08:58:11","date_gmt":"2011-10-21T09:58:11","guid":{"rendered":"http:\/\/casariego-guerra.com\/blog\/?page_id=926"},"modified":"2012-11-19T09:55:44","modified_gmt":"2012-11-19T10:55:44","slug":"frente-maritimo-playa-de-los-ladrillos-2004","status":"publish","type":"page","link":"https:\/\/casariego-guerra.com\/?page_id=926","title":{"rendered":"[Frente Mar\u00edtimo Playa de los Ladrillos]  [2004]"},"content":{"rendered":"<p><a href=\"http:\/\/casariego-guerra.com\/?attachment_id=2990\" rel=\"attachment wp-att-2990\"><img loading=\"lazy\" class=\"alignnone size-full wp-image-2990\" title=\"a\" src=\"http:\/\/casariego-guerra.com\/wp-content\/uploads\/2011\/10\/a5.jpg\" alt=\"\" width=\"950\" height=\"600\" srcset=\"https:\/\/casariego-guerra.com\/wp-content\/uploads\/2011\/10\/a5.jpg 950w, https:\/\/casariego-guerra.com\/wp-content\/uploads\/2011\/10\/a5-560x353.jpg 560w\" sizes=\"(max-width: 950px) 100vw, 950px\" \/><\/a><span style=\"color: #808080;\">[escena del paseo]<\/span><\/p>\n<h3><span style=\"color: #000000;\">[CONCURSO DE DISE\u00d1O URBANO DEL FRENTE MAR\u00cdTIMO PLAYA DE LOS LADRILLOS, ALGECIRAS] \u00a0[2004]<\/span><\/h3>\n<p><a href=\"http:\/\/casariego-guerra.com\/?attachment_id=2991\" rel=\"attachment wp-att-2991\"><img loading=\"lazy\" class=\"alignnone size-full wp-image-2991\" title=\"b\" src=\"http:\/\/casariego-guerra.com\/wp-content\/uploads\/2011\/10\/b5.jpg\" alt=\"\" width=\"950\" height=\"600\" srcset=\"https:\/\/casariego-guerra.com\/wp-content\/uploads\/2011\/10\/b5.jpg 950w, https:\/\/casariego-guerra.com\/wp-content\/uploads\/2011\/10\/b5-560x353.jpg 560w\" sizes=\"(max-width: 950px) 100vw, 950px\" \/><\/a>[escena del paseo]<\/p>\n<p><a href=\"http:\/\/casariego-guerra.com\/?attachment_id=2989\" rel=\"attachment wp-att-2989\"><img loading=\"lazy\" class=\"alignnone size-full wp-image-2989\" title=\"c\" src=\"http:\/\/casariego-guerra.com\/wp-content\/uploads\/2011\/10\/c4.jpg\" alt=\"\" width=\"950\" height=\"600\" srcset=\"https:\/\/casariego-guerra.com\/wp-content\/uploads\/2011\/10\/c4.jpg 950w, https:\/\/casariego-guerra.com\/wp-content\/uploads\/2011\/10\/c4-560x353.jpg 560w\" sizes=\"(max-width: 950px) 100vw, 950px\" \/><\/a> [planta general de la propuesta]<\/p>\n<h6><span style=\"color: #000000;\">Equipo: CASARIEGO \/ GUERRA, arquitectos<\/span><\/h6>\n<h6><\/h6>\n<h6><span style=\"color: #000000;\">Direcci\u00f3n: Joaqu\u00edn Casariego Ram\u00edrez, Arquitecto y Elsa Guerra Jim\u00e9nez, Arquitecta. Coordinaci\u00f3n: Noem\u00ed D\u00edaz-Llanos Fern\u00e1ndez Arquitecta y Rafael G\u00f3mez de Segura Rem\u00edrez, Arquitecto.Dibujo: Carmelo Garc\u00eda Rodr\u00edguez, Juan Manuel Rivero Su\u00e1rez.<\/span><\/h6>\n","protected":false},"excerpt":{"rendered":"<p>[escena del paseo] [CONCURSO DE DISE\u00d1O URBANO DEL FRENTE MAR\u00cdTIMO PLAYA DE LOS LADRILLOS, ALGECIRAS] \u00a0[2004] [escena del paseo] [planta general de la propuesta] Equipo: CASARIEGO \/ GUERRA, arquitectos Direcci\u00f3n: Joaqu\u00edn Casariego Ram\u00edrez, Arquitecto y Elsa Guerra Jim\u00e9nez, Arquitecta. Coordinaci\u00f3n: Noem\u00ed D\u00edaz-Llanos Fern\u00e1ndez Arquitecta y Rafael G\u00f3mez de Segura Rem\u00edrez, Arquitecto.Dibujo: Carmelo Garc\u00eda Rodr\u00edguez, Juan [&hellip;]<\/p>\n","protected":false},"author":2,"featured_media":0,"parent":9,"menu_order":0,"comment_status":"closed","ping_status":"closed","template":"","meta":[],"_links":{"self":[{"href":"https:\/\/casariego-guerra.com\/index.php?rest_route=\/wp\/v2\/pages\/926"}],"collection":[{"href":"https:\/\/casariego-guerra.com\/index.php?rest_route=\/wp\/v2\/pages"}],"about":[{"href":"https:\/\/casariego-guerra.com\/index.php?rest_route=\/wp\/v2\/types\/page"}],"author":[{"embeddable":true,"href":"https:\/\/casariego-guerra.com\/index.php?rest_route=\/wp\/v2\/users\/2"}],"replies":[{"embeddable":true,"href":"https:\/\/casariego-guerra.com\/index.php?rest_route=%2Fwp%2Fv2%2Fcomments&post=926"}],"version-history":[{"count":16,"href":"https:\/\/casariego-guerra.com\/index.php?rest_route=\/wp\/v2\/pages\/926\/revisions"}],"predecessor-version":[{"id":3466,"href":"https:\/\/casariego-guerra.com\/index.php?rest_route=\/wp\/v2\/pages\/926\/revisions\/3466"}],"up":[{"embeddable":true,"href":"https:\/\/casariego-guerra.com\/index.php?rest_route=\/wp\/v2\/pages\/9"}],"wp:attachment":[{"href":"https:\/\/casariego-guerra.com\/index.php?rest_route=%2Fwp%2Fv2%2Fmedia&parent=926"}],"curies":[{"name":"wp","href":"https:\/\/api.w.org\/{rel}","templated":true}]}}