{"id":938,"date":"2011-10-21T09:02:41","date_gmt":"2011-10-21T10:02:41","guid":{"rendered":"http:\/\/casariego-guerra.com\/blog\/?page_id=938"},"modified":"2012-11-19T10:21:09","modified_gmt":"2012-11-19T11:21:09","slug":"centro-de-interpretacion-cenobio-de-valeron-1998-2000","status":"publish","type":"page","link":"https:\/\/casariego-guerra.com\/?page_id=938","title":{"rendered":"[Centro de Interpretaci\u00f3n Cenobio de Valer\u00f3n] [1998-00]"},"content":{"rendered":"<p>&nbsp;<\/p>\n<p><a href=\"http:\/\/casariego-guerra.com\/?attachment_id=4054\" rel=\"attachment wp-att-4054\"><img loading=\"lazy\" class=\"alignleft size-full wp-image-4054\" title=\"0.Situaci\u00f3n general\" src=\"http:\/\/casariego-guerra.com\/wp-content\/uploads\/2011\/10\/0.Situaci\u00f3n-general.jpg\" alt=\"\" width=\"950\" height=\"425\" srcset=\"https:\/\/casariego-guerra.com\/wp-content\/uploads\/2011\/10\/0.Situaci\u00f3n-general.jpg 950w, https:\/\/casariego-guerra.com\/wp-content\/uploads\/2011\/10\/0.Situaci\u00f3n-general-560x250.jpg 560w\" sizes=\"(max-width: 950px) 100vw, 950px\" \/><\/a><\/p>\n<p><span style=\"color: #808080;\">plano de situaci\u00f3n]<\/span><\/p>\n<h3><span style=\"color: #000000;\">[CENTRO DE INTERPRETACI\u00d3N CENOBIO DE VALER\u00d3N, GRAN CANARIA] [1998-2000]<\/span><\/h3>\n<p><a href=\"http:\/\/casariego-guerra.com\/?attachment_id=4057\" rel=\"attachment wp-att-4057\"><img loading=\"lazy\" class=\"alignleft size-full wp-image-4057\" title=\"1.Emplazamiento Mirador\" src=\"http:\/\/casariego-guerra.com\/wp-content\/uploads\/2011\/10\/1.Emplazamiento-Mirador_a.jpg\" alt=\"\" width=\"950\" height=\"425\" srcset=\"https:\/\/casariego-guerra.com\/wp-content\/uploads\/2011\/10\/1.Emplazamiento-Mirador_a.jpg 950w, https:\/\/casariego-guerra.com\/wp-content\/uploads\/2011\/10\/1.Emplazamiento-Mirador_a-560x250.jpg 560w\" sizes=\"(max-width: 950px) 100vw, 950px\" \/><\/a><\/p>\n<p><span style=\"color: #808080;\">[emplazamiento mirador]<\/span><\/p>\n<p><a href=\"http:\/\/casariego-guerra.com\/?attachment_id=4060\" rel=\"attachment wp-att-4060\"><img loading=\"lazy\" class=\"alignleft size-full wp-image-4060\" title=\"1.Materiales Mirador\" src=\"http:\/\/casariego-guerra.com\/wp-content\/uploads\/2011\/10\/1.Materiales-Mirador_a.jpg\" alt=\"\" width=\"950\" height=\"386\" srcset=\"https:\/\/casariego-guerra.com\/wp-content\/uploads\/2011\/10\/1.Materiales-Mirador_a.jpg 950w, https:\/\/casariego-guerra.com\/wp-content\/uploads\/2011\/10\/1.Materiales-Mirador_a-560x227.jpg 560w\" sizes=\"(max-width: 950px) 100vw, 950px\" \/><\/a><\/p>\n<p><span style=\"color: #808080;\">[materiales mirador]<\/span><\/p>\n<p><a href=\"http:\/\/casariego-guerra.com\/?attachment_id=4063\" rel=\"attachment wp-att-4063\"><img loading=\"lazy\" class=\"alignleft size-full wp-image-4063\" title=\"2.PL Usos_a\" src=\"http:\/\/casariego-guerra.com\/wp-content\/uploads\/2011\/10\/2.PL-Usos_a.jpg\" alt=\"\" width=\"950\" height=\"233\" srcset=\"https:\/\/casariego-guerra.com\/wp-content\/uploads\/2011\/10\/2.PL-Usos_a.jpg 950w, https:\/\/casariego-guerra.com\/wp-content\/uploads\/2011\/10\/2.PL-Usos_a-560x137.jpg 560w\" sizes=\"(max-width: 950px) 100vw, 950px\" \/><\/a><\/p>\n<p><span style=\"color: #808080;\">[planta detalle_B]<\/span><\/p>\n<p><a href=\"http:\/\/casariego-guerra.com\/?attachment_id=4065\" rel=\"attachment wp-att-4065\"><img loading=\"lazy\" class=\"alignleft size-full wp-image-4065\" title=\"3.Sec Constr_b\" src=\"http:\/\/casariego-guerra.com\/wp-content\/uploads\/2011\/10\/3.Sec-Constr_b.jpg\" alt=\"\" width=\"950\" height=\"518\" srcset=\"https:\/\/casariego-guerra.com\/wp-content\/uploads\/2011\/10\/3.Sec-Constr_b.jpg 950w, https:\/\/casariego-guerra.com\/wp-content\/uploads\/2011\/10\/3.Sec-Constr_b-560x305.jpg 560w\" sizes=\"(max-width: 950px) 100vw, 950px\" \/><\/a><\/p>\n<p><span style=\"color: #808080;\">\u00a0[secci\u00f3n constructiva_B]<\/span><\/p>\n<p><a href=\"http:\/\/casariego-guerra.com\/?attachment_id=4067\" rel=\"attachment wp-att-4067\"><img loading=\"lazy\" class=\"alignleft size-full wp-image-4067\" title=\"4.PL Usos2_a\" src=\"http:\/\/casariego-guerra.com\/wp-content\/uploads\/2011\/10\/4.PL-Usos2_a.jpg\" alt=\"\" width=\"950\" height=\"291\" srcset=\"https:\/\/casariego-guerra.com\/wp-content\/uploads\/2011\/10\/4.PL-Usos2_a.jpg 950w, https:\/\/casariego-guerra.com\/wp-content\/uploads\/2011\/10\/4.PL-Usos2_a-560x171.jpg 560w\" sizes=\"(max-width: 950px) 100vw, 950px\" \/><\/a><span style=\"color: #808080;\">[planta detalle_A]<\/span><\/p>\n<p><a href=\"http:\/\/casariego-guerra.com\/?attachment_id=4069\" rel=\"attachment wp-att-4069\"><img loading=\"lazy\" class=\"alignleft size-full wp-image-4069\" title=\"5.Secc Const_a\" src=\"http:\/\/casariego-guerra.com\/wp-content\/uploads\/2011\/10\/5.Secc-Const_a.jpg\" alt=\"\" width=\"783\" height=\"600\" srcset=\"https:\/\/casariego-guerra.com\/wp-content\/uploads\/2011\/10\/5.Secc-Const_a.jpg 783w, https:\/\/casariego-guerra.com\/wp-content\/uploads\/2011\/10\/5.Secc-Const_a-560x429.jpg 560w\" sizes=\"(max-width: 783px) 100vw, 783px\" \/><\/a><\/p>\n<p><span style=\"color: #808080;\">[secciones y secci\u00f3n constructiva_A]<\/span><\/p>\n<p>&nbsp;<\/p>\n<p><a href=\"http:\/\/casariego-guerra.com\/?attachment_id=4075\" rel=\"attachment wp-att-4075\"><img loading=\"lazy\" class=\"alignleft size-full wp-image-4075\" title=\"4.Planta general y alzados\" src=\"http:\/\/casariego-guerra.com\/wp-content\/uploads\/2011\/10\/4.Planta-general-y-alzados1.jpg\" alt=\"\" width=\"950\" height=\"600\" srcset=\"https:\/\/casariego-guerra.com\/wp-content\/uploads\/2011\/10\/4.Planta-general-y-alzados1.jpg 950w, https:\/\/casariego-guerra.com\/wp-content\/uploads\/2011\/10\/4.Planta-general-y-alzados1-560x353.jpg 560w\" sizes=\"(max-width: 950px) 100vw, 950px\" \/><\/a><\/p>\n<p><span style=\"color: #808080;\">[planta general y alzados]<\/span><\/p>\n<p><a href=\"http:\/\/casariego-guerra.com\/?attachment_id=4077\" rel=\"attachment wp-att-4077\"><img loading=\"lazy\" class=\"alignleft size-full wp-image-4077\" title=\"6.Imagen maqueta_1\" src=\"http:\/\/casariego-guerra.com\/wp-content\/uploads\/2011\/10\/6.Imagen-maqueta_1.jpg\" alt=\"\" width=\"950\" height=\"425\" srcset=\"https:\/\/casariego-guerra.com\/wp-content\/uploads\/2011\/10\/6.Imagen-maqueta_1.jpg 950w, https:\/\/casariego-guerra.com\/wp-content\/uploads\/2011\/10\/6.Imagen-maqueta_1-560x250.jpg 560w\" sizes=\"(max-width: 950px) 100vw, 950px\" \/><\/a><\/p>\n<p><span style=\"color: #808080;\">[Imagen maqueta]<\/span><\/p>\n<p><a href=\"http:\/\/casariego-guerra.com\/?attachment_id=4079\" rel=\"attachment wp-att-4079\"><img loading=\"lazy\" class=\"alignleft size-full wp-image-4079\" title=\"7.Imagen maqueta_2\" src=\"http:\/\/casariego-guerra.com\/wp-content\/uploads\/2011\/10\/7.Imagen-maqueta_2.jpg\" alt=\"\" width=\"950\" height=\"425\" srcset=\"https:\/\/casariego-guerra.com\/wp-content\/uploads\/2011\/10\/7.Imagen-maqueta_2.jpg 950w, https:\/\/casariego-guerra.com\/wp-content\/uploads\/2011\/10\/7.Imagen-maqueta_2-560x250.jpg 560w\" sizes=\"(max-width: 950px) 100vw, 950px\" \/><\/a><\/p>\n<p><span style=\"color: #808080;\">[Imagen maqueta]<\/span><\/p>\n","protected":false},"excerpt":{"rendered":"<p>&nbsp; plano de situaci\u00f3n] [CENTRO DE INTERPRETACI\u00d3N CENOBIO DE VALER\u00d3N, GRAN CANARIA] [1998-2000] [emplazamiento mirador] [materiales mirador] [planta detalle_B] \u00a0[secci\u00f3n constructiva_B] [planta detalle_A] [secciones y secci\u00f3n constructiva_A] &nbsp; [planta general y alzados] [Imagen maqueta] [Imagen maqueta]<\/p>\n","protected":false},"author":2,"featured_media":0,"parent":9,"menu_order":0,"comment_status":"closed","ping_status":"closed","template":"","meta":[],"_links":{"self":[{"href":"https:\/\/casariego-guerra.com\/index.php?rest_route=\/wp\/v2\/pages\/938"}],"collection":[{"href":"https:\/\/casariego-guerra.com\/index.php?rest_route=\/wp\/v2\/pages"}],"about":[{"href":"https:\/\/casariego-guerra.com\/index.php?rest_route=\/wp\/v2\/types\/page"}],"author":[{"embeddable":true,"href":"https:\/\/casariego-guerra.com\/index.php?rest_route=\/wp\/v2\/users\/2"}],"replies":[{"embeddable":true,"href":"https:\/\/casariego-guerra.com\/index.php?rest_route=%2Fwp%2Fv2%2Fcomments&post=938"}],"version-history":[{"count":25,"href":"https:\/\/casariego-guerra.com\/index.php?rest_route=\/wp\/v2\/pages\/938\/revisions"}],"predecessor-version":[{"id":4053,"href":"https:\/\/casariego-guerra.com\/index.php?rest_route=\/wp\/v2\/pages\/938\/revisions\/4053"}],"up":[{"embeddable":true,"href":"https:\/\/casariego-guerra.com\/index.php?rest_route=\/wp\/v2\/pages\/9"}],"wp:attachment":[{"href":"https:\/\/casariego-guerra.com\/index.php?rest_route=%2Fwp%2Fv2%2Fmedia&parent=938"}],"curies":[{"name":"wp","href":"https:\/\/api.w.org\/{rel}","templated":true}]}}