{"id":958,"date":"2011-10-21T09:17:14","date_gmt":"2011-10-21T10:17:14","guid":{"rendered":"http:\/\/casariego-guerra.com\/blog\/?page_id=958"},"modified":"2017-12-18T10:32:27","modified_gmt":"2017-12-18T11:32:27","slug":"p-t-p-de-la-comarca-de-abona-2009","status":"publish","type":"page","link":"https:\/\/casariego-guerra.com\/?page_id=958","title":{"rendered":"[P.T.P. de la Comarca de Abona]  [2006-2010]"},"content":{"rendered":"<p><a href=\"http:\/\/casariego-guerra.com\/?attachment_id=2429\" rel=\"attachment wp-att-2429\"><img loading=\"lazy\" class=\"alignnone size-full wp-image-2429\" title=\"Pages.PLA.Abona 01\" src=\"http:\/\/casariego-guerra.com\/wp-content\/uploads\/2011\/10\/Propuesta-y-anexos.jpg\" alt=\"\" width=\"950\" height=\"661\" srcset=\"https:\/\/casariego-guerra.com\/wp-content\/uploads\/2011\/10\/Propuesta-y-anexos.jpg 950w, https:\/\/casariego-guerra.com\/wp-content\/uploads\/2011\/10\/Propuesta-y-anexos-560x389.jpg 560w\" sizes=\"(max-width: 950px) 100vw, 950px\" \/><\/a><\/p>\n<p><span style=\"color: #808080;\">[plano general &#8211; informaci\u00f3n: comarca de abona]<\/span><\/p>\n<h3><span style=\"color: #000000;\">[PLAN TERRITORIAL PARCIAL DE LA COMARCA DE ABONA] \u00a0[2006-2010]<\/span><\/h3>\n<h3><span style=\"color: #808080;\">[TERRITORIAL MASTER PLAN OF THE ABONA REGION] [2006-2010]<\/span><\/h3>\n<h6><span style=\"color: #000000;\">Avance: 2005-2006 . Plan: 2007- 2010\u00a0(Hasta documento de tramitaci\u00f3n)<\/span><\/h6>\n<h6><span style=\"color: #000000;\">Situaci\u00f3n: Comarca de Abona, Tenerife<\/span><\/h6>\n<h6><span style=\"color: #000000;\">Promotor: Cabildo Insular de Tenerife<\/span><\/h6>\n<h6><span style=\"color: #000000;\"><a href=\"http:\/\/casariego-guerra.com\/?attachment_id=2438\" rel=\"attachment wp-att-2438\"><img loading=\"lazy\" class=\"alignnone size-full wp-image-2438\" title=\"Pages.PLA.Abona 02\" src=\"http:\/\/casariego-guerra.com\/wp-content\/uploads\/2011\/10\/Imagen24.jpg\" alt=\"\" width=\"950\" height=\"653\" srcset=\"https:\/\/casariego-guerra.com\/wp-content\/uploads\/2011\/10\/Imagen24.jpg 950w, https:\/\/casariego-guerra.com\/wp-content\/uploads\/2011\/10\/Imagen24-560x384.jpg 560w\" sizes=\"(max-width: 950px) 100vw, 950px\" \/><\/a><\/span><\/h6>\n<p><span style=\"color: #808080;\">[panor\u00e1micas del territorio comarcal desde y hacia la costa]<\/span><\/p>\n<p><span style=\"color: #000000;\">Plan Territorial desarrollo del Plan Insular. Trabajo que incluye Elaboraci\u00f3n de la Informaci\u00f3n Urban\u00edstica, Diagn\u00f3stico y Propuestas, que en fase de Avance incluyen diversas Alternativas. En la contestaci\u00f3n a las sugerencias se eval\u00faa la respuesta ciudadana a las diversas Alternativas, y se desarrolla la Propuesta que se tramita. (En la actualidad en fase de Aprobaci\u00f3n Inicial). El \u00e1mbito incluye una importante franja costera, con el futuro Puerto de Granadilla y \u00e1mbitos de afluencia tur\u00edstica.<\/span><\/p>\n<p><span style=\"color: #808080;\">Territorial Plan developed from the Insular Plan. Work including the evaluation of urban information, diagnosis and proposals, and featuring a series of alternatives at this phase. Whilst responding to the different suggestions, the general public\u2019s reactions to the various alternatives put forward are evaluated, and the proposal that is being processed is developed (Currently in the process of initial approval). The area in question includes a large coastal strip, where the future port of Granadilla and several tourist areas are located.<\/span><\/p>\n<p><span style=\"color: #000000;\"><a href=\"http:\/\/casariego-guerra.com\/?attachment_id=2437\" rel=\"attachment wp-att-2437\"><img loading=\"lazy\" class=\"alignnone size-full wp-image-2437\" title=\"Pages.PLA.Abona 03\" src=\"http:\/\/casariego-guerra.com\/wp-content\/uploads\/2011\/10\/doble-1.jpg\" alt=\"\" width=\"950\" height=\"411\" srcset=\"https:\/\/casariego-guerra.com\/wp-content\/uploads\/2011\/10\/doble-1.jpg 950w, https:\/\/casariego-guerra.com\/wp-content\/uploads\/2011\/10\/doble-1-560x242.jpg 560w\" sizes=\"(max-width: 950px) 100vw, 950px\" \/><\/a><\/span><\/p>\n<p><span style=\"color: #808080;\">[esquemas: estructura paisaj\u00edstica y estrategia residencial propuesta]<\/span><\/p>\n<p><span style=\"color: #000000;\">El Modelo de Ordenaci\u00f3n Comarcal que se propone responde a la estructura dispuesta en el marco general del planeamiento insular, defini\u00e9ndose a partir de los sistemas seleccionados: Formas de ocupaci\u00f3n del suelo: 1. sistema residencial comarcal. 2. sistema tur\u00edstico comarcal. 3. sistema log\u00edstico; Grandes equipamientos urbanos: 4. equipamiento comercial; 5. equipamiento deportivo-tur\u00edstico; 6. Movilidad comarcal y local; 7. Elementos configuradores del paisaje y medio ambiente.<\/span><\/p>\n<p><a href=\"http:\/\/casariego-guerra.com\/?attachment_id=2436\" rel=\"attachment wp-att-2436\"><img loading=\"lazy\" class=\"alignnone size-full wp-image-2436\" title=\"Pages.PLA.Abona 04\" src=\"http:\/\/casariego-guerra.com\/wp-content\/uploads\/2011\/10\/doble-2.jpg\" alt=\"\" width=\"950\" height=\"417\" srcset=\"https:\/\/casariego-guerra.com\/wp-content\/uploads\/2011\/10\/doble-2.jpg 950w, https:\/\/casariego-guerra.com\/wp-content\/uploads\/2011\/10\/doble-2-560x245.jpg 560w\" sizes=\"(max-width: 950px) 100vw, 950px\" \/><\/a><\/p>\n<p><span style=\"color: #808080;\">[estrategias de ordenaci\u00f3n: residencial y tur\u00edstica]<\/span><\/p>\n<p><span style=\"color: #808080;\"><a href=\"http:\/\/casariego-guerra.com\/?attachment_id=2433\" rel=\"attachment wp-att-2433\"><img loading=\"lazy\" class=\"alignnone size-full wp-image-2433\" title=\"Pages.PLA.Abona 05\" src=\"http:\/\/casariego-guerra.com\/wp-content\/uploads\/2011\/10\/2.2.2-D.jpg\" alt=\"\" width=\"950\" height=\"733\" srcset=\"https:\/\/casariego-guerra.com\/wp-content\/uploads\/2011\/10\/2.2.2-D.jpg 950w, https:\/\/casariego-guerra.com\/wp-content\/uploads\/2011\/10\/2.2.2-D-560x432.jpg 560w\" sizes=\"(max-width: 950px) 100vw, 950px\" \/><\/a><\/span><\/p>\n<p><span style=\"color: #808080;\">[detalle de ordenaci\u00f3n: alternativa para el \u00e1rea de Guaza-Rasca]<\/span><\/p>\n<h6><span style=\"color: #000000;\">Equipo: CASARIEGO \/ GUERRA, arquitectos S.L., con la colaboraci\u00f3n de SOLITEC S.L.P.<\/span><\/h6>\n<h6><span style=\"color: #000000;\">Direcci\u00f3n: Joaqu\u00edn Casariego Ram\u00edrez, Arquitecto, Elsa Guerra Jim\u00e9nez, Arquitecta.<\/span><\/h6>\n<h6><span style=\"color: #000000;\">Medio-ambiente: Jos\u00e9 Juli\u00e1n Naranjo P\u00e9rez, Bi\u00f3logo.<\/span><\/h6>\n<h6><span style=\"color: #000000;\">Colaboradores: Ra\u00fal Falc\u00f3n Nuez, Pilar Ruiz Sisam\u00f3n, Javier Hern\u00e1ndez S\u00e1nchez y Alejandro Mor\u00e1n Hurtado, Arquitectos, con Noem\u00ed Tejera Mujica, Daniel Ruiz Rivas y Ruth Su\u00e1rez Cabrera. Dibujo y Administraci\u00f3n: Carmelo Garc\u00eda Rodr\u00edguez, Juan Manuel Rivero Su\u00e1rez, Cristina O\u00b4Shanahan \u00c1lvarez y Den\u00e9bola Acosta Y\u00e1\u00f1ez.<\/span><\/h6>\n","protected":false},"excerpt":{"rendered":"<p>[plano general &#8211; informaci\u00f3n: comarca de abona] [PLAN TERRITORIAL PARCIAL DE LA COMARCA DE ABONA] \u00a0[2006-2010] [TERRITORIAL MASTER PLAN OF THE ABONA REGION] [2006-2010] Avance: 2005-2006 . Plan: 2007- 2010\u00a0(Hasta documento de tramitaci\u00f3n) Situaci\u00f3n: Comarca de Abona, Tenerife Promotor: Cabildo Insular de Tenerife [panor\u00e1micas del territorio comarcal desde y hacia la costa] Plan Territorial desarrollo [&hellip;]<\/p>\n","protected":false},"author":2,"featured_media":0,"parent":11,"menu_order":0,"comment_status":"closed","ping_status":"open","template":"","meta":[],"_links":{"self":[{"href":"https:\/\/casariego-guerra.com\/index.php?rest_route=\/wp\/v2\/pages\/958"}],"collection":[{"href":"https:\/\/casariego-guerra.com\/index.php?rest_route=\/wp\/v2\/pages"}],"about":[{"href":"https:\/\/casariego-guerra.com\/index.php?rest_route=\/wp\/v2\/types\/page"}],"author":[{"embeddable":true,"href":"https:\/\/casariego-guerra.com\/index.php?rest_route=\/wp\/v2\/users\/2"}],"replies":[{"embeddable":true,"href":"https:\/\/casariego-guerra.com\/index.php?rest_route=%2Fwp%2Fv2%2Fcomments&post=958"}],"version-history":[{"count":21,"href":"https:\/\/casariego-guerra.com\/index.php?rest_route=\/wp\/v2\/pages\/958\/revisions"}],"predecessor-version":[{"id":5160,"href":"https:\/\/casariego-guerra.com\/index.php?rest_route=\/wp\/v2\/pages\/958\/revisions\/5160"}],"up":[{"embeddable":true,"href":"https:\/\/casariego-guerra.com\/index.php?rest_route=\/wp\/v2\/pages\/11"}],"wp:attachment":[{"href":"https:\/\/casariego-guerra.com\/index.php?rest_route=%2Fwp%2Fv2%2Fmedia&parent=958"}],"curies":[{"name":"wp","href":"https:\/\/api.w.org\/{rel}","templated":true}]}}