{"id":960,"date":"2011-10-21T09:19:16","date_gmt":"2011-10-21T10:19:16","guid":{"rendered":"http:\/\/casariego-guerra.com\/blog\/?page_id=960"},"modified":"2012-11-19T09:43:49","modified_gmt":"2012-11-19T10:43:49","slug":"p-d-del-entorno-del-hospital-san-martin-2011","status":"publish","type":"page","link":"https:\/\/casariego-guerra.com\/?page_id=960","title":{"rendered":"[Entorno de San Mart\u00edn] [2011]"},"content":{"rendered":"<p><span style=\"color: #808080;\"><a href=\"http:\/\/casariego-guerra.com\/?attachment_id=2198\" rel=\"attachment wp-att-2198\"><img loading=\"lazy\" class=\"alignnone size-full wp-image-2198\" title=\"Pages.Du. Entorno SM 01\" src=\"http:\/\/casariego-guerra.com\/wp-content\/uploads\/2011\/10\/2a.jpg\" alt=\"\" width=\"950\" height=\"503\" srcset=\"https:\/\/casariego-guerra.com\/wp-content\/uploads\/2011\/10\/2a.jpg 950w, https:\/\/casariego-guerra.com\/wp-content\/uploads\/2011\/10\/2a-560x296.jpg 560w\" sizes=\"(max-width: 950px) 100vw, 950px\" \/><\/a><\/span><\/p>\n<p><span style=\"color: #808080;\">[perpectiva de detalle: plaza de San Mart\u00edn]<\/span><\/p>\n<h3><span style=\"color: #333333;\">[ESTUDIO DIRECTOR DEL ENTORNO DEL CENTRO DE CULTURA CONTEMPOR\u00c1NEA\u00a0SAN MART\u00cdN]\u00a0 [2011]<\/span><\/h3>\n<h6><span style=\"color: #000000;\">Estudio Director 2.011<\/span><\/h6>\n<h6><span style=\"color: #000000;\">Situaci\u00f3n: Vegueta, Las Palmas de Gran Canaria<\/span><\/h6>\n<h6><span style=\"color: #000000;\"><a href=\"http:\/\/casariego-guerra.com\/?attachment_id=2200\" rel=\"attachment wp-att-2200\"><img loading=\"lazy\" class=\"alignnone size-full wp-image-2200\" title=\"Pages. DU. Entorno SM 03\" src=\"http:\/\/casariego-guerra.com\/wp-content\/uploads\/2011\/10\/1c.jpg\" alt=\"\" width=\"950\" height=\"185\" srcset=\"https:\/\/casariego-guerra.com\/wp-content\/uploads\/2011\/10\/1c.jpg 950w, https:\/\/casariego-guerra.com\/wp-content\/uploads\/2011\/10\/1c-560x109.jpg 560w\" sizes=\"(max-width: 950px) 100vw, 950px\" \/><\/a><\/span><\/h6>\n<p>[lectura paisaj\u00edstica \/relaci\u00f3n entorno Risco-Vegueta]<\/p>\n<p><a href=\"http:\/\/casariego-guerra.com\/?attachment_id=2348\" rel=\"attachment wp-att-2348\"><img loading=\"lazy\" class=\"alignnone size-full wp-image-2348\" title=\"Pages.DU.EntornoSM 03\" src=\"http:\/\/casariego-guerra.com\/wp-content\/uploads\/2011\/10\/4a-formato.jpg\" alt=\"\" width=\"950\" height=\"381\" srcset=\"https:\/\/casariego-guerra.com\/wp-content\/uploads\/2011\/10\/4a-formato.jpg 950w, https:\/\/casariego-guerra.com\/wp-content\/uploads\/2011\/10\/4a-formato-560x224.jpg 560w\" sizes=\"(max-width: 950px) 100vw, 950px\" \/><\/a><\/p>\n<p><span style=\"color: #808080;\">[diagramas contexto centro hist\u00f3rico]<\/span><\/p>\n<p><span style=\"color: #000000;\">El CENTRO DE CULTURA CONTEMPOR\u00c1NEA SAN MART\u00cdN no puede entenderse s\u00f3lo como una edificaci\u00f3n aislada, muy al contrario se trata de un elemento referencial en el tejido del centro hist\u00f3rico de Las Palmas de Gran Canaria, con un importante rol urbano potencial, debido a su posici\u00f3n singular en combinaci\u00f3n con sus condiciones patrimoniales y espaciales propias, todo lo cual se ha ido cimentando durante los dos siglos de historia del conjunto edificatorio.<\/span><\/p>\n<p><a href=\"http:\/\/casariego-guerra.com\/?attachment_id=2201\" rel=\"attachment wp-att-2201\"><img loading=\"lazy\" class=\"alignnone size-full wp-image-2201\" title=\"Pages. DU. Entorno SM 04\" src=\"http:\/\/casariego-guerra.com\/wp-content\/uploads\/2011\/10\/3a.jpg\" alt=\"\" width=\"950\" height=\"546\" srcset=\"https:\/\/casariego-guerra.com\/wp-content\/uploads\/2011\/10\/3a.jpg 950w, https:\/\/casariego-guerra.com\/wp-content\/uploads\/2011\/10\/3a-560x321.jpg 560w\" sizes=\"(max-width: 950px) 100vw, 950px\" \/><\/a><span style=\"color: #808080;\">[detalle escena plaza de San Jos\u00e9]<\/span><\/p>\n<p><span style=\"color: #333333;\">La redefinici\u00f3n de los viales de borde: Calles Ram\u00f3n y Cajal, Sor Jes\u00fas y Real de San Juan, pero tambi\u00e9n de los paseos peatonales de Guzm\u00e1n el Bueno y ante todo de los espacios libres colindantes acompa\u00f1ar\u00e1 la definici\u00f3n de este nuevo lugar de encuentro y producci\u00f3n cultural.<\/span><\/p>\n<p><span style=\"color: #333333;\"><a href=\"http:\/\/casariego-guerra.com\/?attachment_id=2350\" rel=\"attachment wp-att-2350\"><img loading=\"lazy\" class=\"alignnone size-full wp-image-2350\" title=\"Pages.DU.Entorno SM 09\" src=\"http:\/\/casariego-guerra.com\/wp-content\/uploads\/2011\/10\/3b-formato.jpg\" alt=\"\" width=\"937\" height=\"245\" srcset=\"https:\/\/casariego-guerra.com\/wp-content\/uploads\/2011\/10\/3b-formato.jpg 937w, https:\/\/casariego-guerra.com\/wp-content\/uploads\/2011\/10\/3b-formato-560x146.jpg 560w\" sizes=\"(max-width: 937px) 100vw, 937px\" \/><\/a><\/span><\/p>\n<p><span style=\"color: #808080;\">[secci\u00f3n por la calle Sor Jes\u00fas]<\/span><\/p>\n<p><span style=\"color: #333333;\"><a href=\"http:\/\/casariego-guerra.com\/?attachment_id=2349\" rel=\"attachment wp-att-2349\"><img loading=\"lazy\" class=\"alignnone size-full wp-image-2349\" title=\"Pages.DU.Entorno SM 08\" src=\"http:\/\/casariego-guerra.com\/wp-content\/uploads\/2011\/10\/4c-formato.jpg\" alt=\"\" width=\"937\" height=\"600\" srcset=\"https:\/\/casariego-guerra.com\/wp-content\/uploads\/2011\/10\/4c-formato.jpg 937w, https:\/\/casariego-guerra.com\/wp-content\/uploads\/2011\/10\/4c-formato-560x358.jpg 560w\" sizes=\"(max-width: 937px) 100vw, 937px\" \/><\/a><\/span><\/p>\n<p><span style=\"color: #808080;\">[planta general sobre ortofoto]<\/span><\/p>\n<p><span style=\"color: #000000;\">En alguno de los casos, como el de la Plaza de San Jos\u00e9, su recualificaci\u00f3n permite ante todo extender hasta el Paseo la renovaci\u00f3n urbana a que responde el Centro Cultural. En otros, como la Plaza San Mart\u00edn, adem\u00e1s de proporcionar un nuevo espacio p\u00fablico y de encuentro ciudadano, se ofrece un hall exterior de acceso al Centro Cultural y se le dota de los aparcamientos necesarios, adem\u00e1s de propugnar la recuperaci\u00f3n de la gran fachada plana hacia el Barranco Guiniguada, y por tanto reforzar el v\u00ednculo del SAN MART\u00cdN con la estructura geogr\u00e1fica que conforma la ciudad.<\/span><\/p>\n<p><a href=\"http:\/\/casariego-guerra.com\/?attachment_id=2203\" rel=\"attachment wp-att-2203\"><img loading=\"lazy\" class=\"alignnone size-full wp-image-2203\" title=\"Pages. DU. Entorno SM 06\" src=\"http:\/\/casariego-guerra.com\/wp-content\/uploads\/2011\/10\/4b.jpg\" alt=\"\" width=\"950\" height=\"436\" srcset=\"https:\/\/casariego-guerra.com\/wp-content\/uploads\/2011\/10\/4b.jpg 950w, https:\/\/casariego-guerra.com\/wp-content\/uploads\/2011\/10\/4b-560x257.jpg 560w\" sizes=\"(max-width: 950px) 100vw, 950px\" \/><\/a><span style=\"color: #808080;\">[perspectiva plaza de San Mart\u00edn]<\/span><\/p>\n<h6><span style=\"color: #000000;\">Equipo: CASARIEGO \/ GUERRA, arquitectos<\/span><\/h6>\n<h6><span style=\"color: #000000;\">Direcci\u00f3n: Joaqu\u00edn Casariego Ram\u00edrez, Arquitecto y Elsa Guerra Jim\u00e9nez, Arquitecta. Coordinaci\u00f3n: Noem\u00ed Tejera Mujica; con: Marta Cuy\u00e1s Morales, Sara Alem\u00e1n Millares, Luis L\u00f3pez Su\u00e1rez \/ Dibujo y Administraci\u00f3n: Carmelo Garc\u00eda Rodr\u00edguez, Juan Manuel Rivero Su\u00e1rez y Den\u00e9bola Acosta Y\u00e1\u00f1ez.<\/span><\/h6>\n<h6><span style=\"color: #000000;\">Promotor: Cabildo Insular de Gran Canaria<\/span><\/h6>\n","protected":false},"excerpt":{"rendered":"<p>[perpectiva de detalle: plaza de San Mart\u00edn] [ESTUDIO DIRECTOR DEL ENTORNO DEL CENTRO DE CULTURA CONTEMPOR\u00c1NEA\u00a0SAN MART\u00cdN]\u00a0 [2011] Estudio Director 2.011 Situaci\u00f3n: Vegueta, Las Palmas de Gran Canaria [lectura paisaj\u00edstica \/relaci\u00f3n entorno Risco-Vegueta] [diagramas contexto centro hist\u00f3rico] El CENTRO DE CULTURA CONTEMPOR\u00c1NEA SAN MART\u00cdN no puede entenderse s\u00f3lo como una edificaci\u00f3n aislada, muy al contrario [&hellip;]<\/p>\n","protected":false},"author":2,"featured_media":0,"parent":9,"menu_order":1,"comment_status":"closed","ping_status":"closed","template":"","meta":[],"_links":{"self":[{"href":"https:\/\/casariego-guerra.com\/index.php?rest_route=\/wp\/v2\/pages\/960"}],"collection":[{"href":"https:\/\/casariego-guerra.com\/index.php?rest_route=\/wp\/v2\/pages"}],"about":[{"href":"https:\/\/casariego-guerra.com\/index.php?rest_route=\/wp\/v2\/types\/page"}],"author":[{"embeddable":true,"href":"https:\/\/casariego-guerra.com\/index.php?rest_route=\/wp\/v2\/users\/2"}],"replies":[{"embeddable":true,"href":"https:\/\/casariego-guerra.com\/index.php?rest_route=%2Fwp%2Fv2%2Fcomments&post=960"}],"version-history":[{"count":81,"href":"https:\/\/casariego-guerra.com\/index.php?rest_route=\/wp\/v2\/pages\/960\/revisions"}],"predecessor-version":[{"id":1402,"href":"https:\/\/casariego-guerra.com\/index.php?rest_route=\/wp\/v2\/pages\/960\/revisions\/1402"}],"up":[{"embeddable":true,"href":"https:\/\/casariego-guerra.com\/index.php?rest_route=\/wp\/v2\/pages\/9"}],"wp:attachment":[{"href":"https:\/\/casariego-guerra.com\/index.php?rest_route=%2Fwp%2Fv2%2Fmedia&parent=960"}],"curies":[{"name":"wp","href":"https:\/\/api.w.org\/{rel}","templated":true}]}}