{"id":962,"date":"2011-10-21T09:20:12","date_gmt":"2011-10-21T10:20:12","guid":{"rendered":"http:\/\/casariego-guerra.com\/blog\/?page_id=962"},"modified":"2017-12-18T10:33:02","modified_gmt":"2017-12-18T11:33:02","slug":"p-t-p-del-litoral-de-suroeste-tramo-2-2005-10","status":"publish","type":"page","link":"https:\/\/casariego-guerra.com\/?page_id=962","title":{"rendered":"[P.T.P. del Litoral de Suroeste, Tramo 2]  [2005-2010]"},"content":{"rendered":"<p><a href=\"http:\/\/casariego-guerra.com\/?attachment_id=2464\" rel=\"attachment wp-att-2464\"><img loading=\"lazy\" class=\"alignnone size-full wp-image-2464\" title=\"Pages.PLA.LitoralSWTfe 01\" src=\"http:\/\/casariego-guerra.com\/wp-content\/uploads\/2011\/10\/2.jpg\" alt=\"\" width=\"950\" height=\"557\" srcset=\"https:\/\/casariego-guerra.com\/wp-content\/uploads\/2011\/10\/2.jpg 950w, https:\/\/casariego-guerra.com\/wp-content\/uploads\/2011\/10\/2-560x328.jpg 560w\" sizes=\"(max-width: 950px) 100vw, 950px\" \/><\/a><\/p>\n<p><span style=\"color: #808080;\">[lectura del paisaje sobre ortofoto]<\/span><\/p>\n<h3><span style=\"color: #000000;\">[PLAN TERRITORIAL PARCIAL DEL LITORAL SUROESTE, tramo 2, ISLA DE TENERIFE] \u00a0[2005-2010]<\/span><\/h3>\n<h3><span style=\"color: #808080;\">[TERRITORY MASTER PLAN ON THE SOUTH WEST COAST OF THE TENERIFE ISLAND] [2005-2010]<\/span><\/h3>\n<h6><span style=\"color: #000000;\">Avance: 2.005. Plan: 2.007- 2.010<\/span><\/h6>\n<h6><span style=\"color: #000000;\">Situaci\u00f3n: Isla de Tenerife<\/span><\/h6>\n<h6><span style=\"color: #000000;\">Promotor: Cabildo Insular de Tenerife<\/span><\/h6>\n<h6><span style=\"color: #000000;\"><a href=\"http:\/\/casariego-guerra.com\/?attachment_id=2463\" rel=\"attachment wp-att-2463\"><img loading=\"lazy\" class=\"alignnone size-full wp-image-2463\" title=\"Pages.PLA.LitoralSWTfe 02\" src=\"http:\/\/casariego-guerra.com\/wp-content\/uploads\/2011\/10\/16.jpg\" alt=\"\" width=\"950\" height=\"595\" srcset=\"https:\/\/casariego-guerra.com\/wp-content\/uploads\/2011\/10\/16.jpg 950w, https:\/\/casariego-guerra.com\/wp-content\/uploads\/2011\/10\/16-560x350.jpg 560w\" sizes=\"(max-width: 950px) 100vw, 950px\" \/><\/a><\/span><\/h6>\n<p><span style=\"color: #808080;\">[vistas generales de dos zonas diferenciadas a partir de la estructura topogr\u00e1fica y geomorfol\u00f3gica]<\/span><\/p>\n<p><span style=\"color: #000000;\">El Plan Territorial Parcial del Litoral Suroeste de Tenerife (Tramo 2) se produce en el contexto de un debate general, que afecta a toda la regi\u00f3n canaria, sobre las posibilidades reales del modelo tur\u00edstico canario para seguir respondiendo con la misma eficacia y solvencia que lo ven\u00eda haciendo hasta ahora, a las demandas de la industria tur\u00edstica contempor\u00e1nea.<\/span><\/p>\n<p><span style=\"color: #808080;\">TheTerritory Master\u00a0Plan\u00a0on the South-West Coast of Tenerife\u00a0is produced in the context of a general debate that affects the whole Canary region, and which concerns the actual potential of the archipelago&#8217;s general tourism scheme and its adequacy in terms of responding, with the same efficiency and competence as before, to the industry&#8217;s demands these days.<\/span><\/p>\n<p><a href=\"http:\/\/casariego-guerra.com\/?attachment_id=2465\" rel=\"attachment wp-att-2465\"><img loading=\"lazy\" class=\"alignnone size-full wp-image-2465\" title=\"Pages.PLA.LitoralSWTfe 03\" src=\"http:\/\/casariego-guerra.com\/wp-content\/uploads\/2011\/10\/2-4-b.jpg\" alt=\"\" width=\"950\" height=\"553\" srcset=\"https:\/\/casariego-guerra.com\/wp-content\/uploads\/2011\/10\/2-4-b.jpg 950w, https:\/\/casariego-guerra.com\/wp-content\/uploads\/2011\/10\/2-4-b-560x325.jpg 560w\" sizes=\"(max-width: 950px) 100vw, 950px\" \/><\/a><\/p>\n<p><span style=\"color: #808080;\">[estrategia territorial &#8211; esquema]<\/span><\/p>\n<p><span style=\"color: #000000;\">El paisaje, si no el mayor, uno de los activos menos discutibles del desarrollo tur\u00edstico de Canarias, y en concreto de la isla de Tenerife, debe de ser situado de nuevo en el orden de prioridades que le corresponde. Debe ser recobrado como uno de los par\u00e1metros centrales a la hora de plantearnos el modelo tur\u00edstico del futuro. Porque en definitiva, el abandono del factor paisaje, ha sido, probablemente, uno de los desencadenantes tanto de la p\u00e9rdida de valor real como de cotizaci\u00f3n general por parte de la poblaci\u00f3n local, en los \u00faltimos a\u00f1os en Canarias.<\/span><\/p>\n<p><span style=\"color: #808080;\">The Landscape, probably the least questionable asset for the Canary&#8217;s touristic development, especially in the island of Tenerife, must be prioritized as it should once again. It must be regained as one of the main parameters when considering the future touristic model. Because, in essence, the abandonment of the landscape-factor has probably been one of the triggering factors of both of the real-value loss and general devaluation by the local population in the Canary Islands for the last few years.<\/span><\/p>\n<p><span style=\"color: #000000;\"><a href=\"http:\/\/casariego-guerra.com\/?attachment_id=2466\" rel=\"attachment wp-att-2466\"><img loading=\"lazy\" class=\"alignnone size-full wp-image-2466\" title=\"Pages.PLA.LitoralSWTfe 04\" src=\"http:\/\/casariego-guerra.com\/wp-content\/uploads\/2011\/10\/4-4-2.jpg\" alt=\"\" width=\"950\" height=\"552\" srcset=\"https:\/\/casariego-guerra.com\/wp-content\/uploads\/2011\/10\/4-4-2.jpg 950w, https:\/\/casariego-guerra.com\/wp-content\/uploads\/2011\/10\/4-4-2-560x325.jpg 560w\" sizes=\"(max-width: 950px) 100vw, 950px\" \/><\/a><\/span><\/p>\n<p><span style=\"color: #808080;\">[parcial: detalle de an\u00e1lisis pormenorizado territorial]<\/span><\/p>\n<p><span style=\"color: #808080;\"><a href=\"http:\/\/casariego-guerra.com\/?attachment_id=2462\" rel=\"attachment wp-att-2462\"><img loading=\"lazy\" class=\"alignnone size-full wp-image-2462\" title=\"Pages.PLA.LitoralSWTfe 05\" src=\"http:\/\/casariego-guerra.com\/wp-content\/uploads\/2011\/10\/Ficha-La-Caleta.jpg\" alt=\"\" width=\"950\" height=\"696\" srcset=\"https:\/\/casariego-guerra.com\/wp-content\/uploads\/2011\/10\/Ficha-La-Caleta.jpg 950w, https:\/\/casariego-guerra.com\/wp-content\/uploads\/2011\/10\/Ficha-La-Caleta-560x410.jpg 560w\" sizes=\"(max-width: 950px) 100vw, 950px\" \/><\/a><\/span><\/p>\n<p><span style=\"color: #808080;\">[ficha tipo: condiciones para la recualificaci\u00f3n urbana]<\/span><\/p>\n<h6><span style=\"color: #000000;\">Equipo: CASARIEGO \/ GUERRA, arquitectos S.L., con la colaboraci\u00f3n de SOLITEC S.L.P.<\/span><\/h6>\n<h6><span style=\"color: #000000;\">Direcci\u00f3n: Joaqu\u00edn Casariego Ram\u00edrez, Arquitecto, Elsa Guerra Jim\u00e9nez, Arquitecta.<\/span><\/h6>\n<h6><span style=\"color: #000000;\">Medio-ambiente: Jos\u00e9 Juli\u00e1n Naranjo P\u00e9rez, Bi\u00f3logo.<\/span><\/h6>\n<h6><span style=\"color: #000000;\">Colaboradores: Ra\u00fal Falc\u00f3n Nuez y Julia Roca Trescent, Arquitectos, con Jan Henrik Fr\u00f6lich. Dibujo y Administraci\u00f3n: Carmelo Garc\u00eda Rodr\u00edguez, Juan Manuel Rivero Su\u00e1rez, Cristina O\u00b4Shanahan \u00c1lvarez.<\/span><\/h6>\n","protected":false},"excerpt":{"rendered":"<p>[lectura del paisaje sobre ortofoto] [PLAN TERRITORIAL PARCIAL DEL LITORAL SUROESTE, tramo 2, ISLA DE TENERIFE] \u00a0[2005-2010] [TERRITORY MASTER PLAN ON THE SOUTH WEST COAST OF THE TENERIFE ISLAND] [2005-2010] Avance: 2.005. Plan: 2.007- 2.010 Situaci\u00f3n: Isla de Tenerife Promotor: Cabildo Insular de Tenerife [vistas generales de dos zonas diferenciadas a partir de la estructura [&hellip;]<\/p>\n","protected":false},"author":2,"featured_media":0,"parent":11,"menu_order":0,"comment_status":"closed","ping_status":"open","template":"","meta":[],"_links":{"self":[{"href":"https:\/\/casariego-guerra.com\/index.php?rest_route=\/wp\/v2\/pages\/962"}],"collection":[{"href":"https:\/\/casariego-guerra.com\/index.php?rest_route=\/wp\/v2\/pages"}],"about":[{"href":"https:\/\/casariego-guerra.com\/index.php?rest_route=\/wp\/v2\/types\/page"}],"author":[{"embeddable":true,"href":"https:\/\/casariego-guerra.com\/index.php?rest_route=\/wp\/v2\/users\/2"}],"replies":[{"embeddable":true,"href":"https:\/\/casariego-guerra.com\/index.php?rest_route=%2Fwp%2Fv2%2Fcomments&post=962"}],"version-history":[{"count":57,"href":"https:\/\/casariego-guerra.com\/index.php?rest_route=\/wp\/v2\/pages\/962\/revisions"}],"predecessor-version":[{"id":5161,"href":"https:\/\/casariego-guerra.com\/index.php?rest_route=\/wp\/v2\/pages\/962\/revisions\/5161"}],"up":[{"embeddable":true,"href":"https:\/\/casariego-guerra.com\/index.php?rest_route=\/wp\/v2\/pages\/11"}],"wp:attachment":[{"href":"https:\/\/casariego-guerra.com\/index.php?rest_route=%2Fwp%2Fv2%2Fmedia&parent=962"}],"curies":[{"name":"wp","href":"https:\/\/api.w.org\/{rel}","templated":true}]}}